{"id":1026,"date":"2024-03-20T23:02:45","date_gmt":"2024-03-20T23:02:45","guid":{"rendered":"https:\/\/pepiniere-nour.com\/?post_type=product&#038;p=1026"},"modified":"2024-05-21T12:07:58","modified_gmt":"2024-05-21T12:07:58","slug":"rosier","status":"publish","type":"product","link":"http:\/\/pepiniere-nour.com\/ar\/product\/rosier","title":{"rendered":"\u0627\u0644\u0648\u0631\u062f"},"content":{"rendered":"","protected":false},"excerpt":{"rendered":"<p>\u0627\u0644\u0648\u0631\u062f\u0629 \u060c \u0627\u0644\u0645\u0639\u0631\u0648\u0641\u0629 \u0623\u064a\u0636\u0627 \u0628\u0627\u0633\u0645\u0647\u0627 \u0627\u0644\u0644\u0627\u062a\u064a\u0646\u064a \u0631\u0648\u0632\u0627 \u060c \u0647\u064a \u0639\u062c\u064a\u0628\u0629 \u062d\u0642\u064a\u0642\u064a\u0629 \u0644\u0639\u0627\u0626\u0644\u0629 Rosaceae \u060c \u062a\u062d\u0638\u0649 \u0628\u062a\u0642\u062f\u064a\u0631 \u0644\u062c\u0645\u0627\u0644\u0647\u0627 \u0648\u062a\u0639\u062f\u062f \u0627\u0633\u062a\u062e\u062f\u0627\u0645\u0627\u062a\u0647\u0627.<\/p>\n<p><strong>\u0627\u0644\u0645\u064a\u0632\u0627\u062a \u0627\u0644\u0631\u0626\u064a\u0633\u064a\u0629<\/strong><\/p>\n<p>\u0645\u0639 \u0627\u0631\u062a\u0641\u0627\u0639 \u0628\u0627\u0644\u063a \u064a\u062a\u0631\u0627\u0648\u062d \u0628\u064a\u0646 40 \u0633\u0645 \u0648 60 \u0633\u0645 \u060c<strong> 40 cm<\/strong> et <strong>60 cm<\/strong>, cet arbuste \u00e0 fleurs enchante les jardins de sa floraison multicolore, s&rsquo;\u00e9talant de juin \u00e0 octobre. Ses feuilles, d&rsquo;un vert fonc\u00e9 \u00e0 vert p\u00e2le, ajoutent une touche de fra\u00eecheur \u00e0 son esth\u00e9tique.<\/p>\n<p><strong>Polyvalence dans l&rsquo;Am\u00e9nagement Jardin<\/strong><\/p>\n<p>Utilis\u00e9 en rocaille, en couvre-sol ou en bordure, le Rosier offre une vari\u00e9t\u00e9 d&rsquo;options d&rsquo;utilisation, s&rsquo;adaptant \u00e0 divers environnements et styles de jardinage.<\/p>","protected":false},"featured_media":2601,"template":"","meta":{"_acf_changed":false},"product_brand":[],"product_cat":[57],"product_tag":[24,35,25,26,27],"class_list":{"0":"post-1026","1":"product","2":"type-product","3":"status-publish","4":"has-post-thumbnail","6":"product_cat-plants-ornementals","7":"product_tag-equipment","8":"product_tag-etranger","9":"product_tag-garden","10":"product_tag-plants","11":"product_tag-tools","13":"first","14":"instock","15":"shipping-taxable","16":"purchasable","17":"product-type-simple"},"acf":[],"yoast_head":"<!-- This site is optimized with the Yoast SEO plugin v25.5 - https:\/\/yoast.com\/wordpress\/plugins\/seo\/ -->\n<title>Rosier - P\u00c9PINIERE NOUR DU CENTRE<\/title>\n<meta name=\"robots\" content=\"index, follow, max-snippet:-1, max-image-preview:large, max-video-preview:-1\" \/>\n<link rel=\"canonical\" href=\"http:\/\/pepiniere-nour.com\/ar\/product\/rosier\/\" \/>\n<meta property=\"og:locale\" content=\"ar_AR\" \/>\n<meta property=\"og:type\" content=\"article\" \/>\n<meta property=\"og:title\" content=\"Rosier - P\u00c9PINIERE NOUR DU CENTRE\" \/>\n<meta property=\"og:description\" content=\"Le Rosier, \u00e9galement connu sous son nom latin Rosa, est une v\u00e9ritable merveille de la famille des Rosac\u00e9es, appr\u00e9ci\u00e9e pour sa beaut\u00e9 et sa polyvalence.  Caract\u00e9ristiques essentielles  Avec une hauteur adulte variant entre 40 cm et 60 cm, cet arbuste \u00e0 fleurs enchante les jardins de sa floraison multicolore, s&#039;\u00e9talant de juin \u00e0 octobre. Ses feuilles, d&#039;un vert fonc\u00e9 \u00e0 vert p\u00e2le, ajoutent une touche de fra\u00eecheur \u00e0 son esth\u00e9tique.  Polyvalence dans l&#039;Am\u00e9nagement Jardin  Utilis\u00e9 en rocaille, en couvre-sol ou en bordure, le Rosier offre une vari\u00e9t\u00e9 d&#039;options d&#039;utilisation, s&#039;adaptant \u00e0 divers environnements et styles de jardinage.\" \/>\n<meta property=\"og:url\" content=\"http:\/\/pepiniere-nour.com\/ar\/product\/rosier\/\" \/>\n<meta property=\"og:site_name\" content=\"P\u00c9PINIERE NOUR DU CENTRE\" \/>\n<meta property=\"article:modified_time\" content=\"2024-05-21T12:07:58+00:00\" \/>\n<meta property=\"og:image\" content=\"https:\/\/pepiniere-nour.com\/wp-content\/uploads\/2024\/03\/Plantes-et-fleurs-ornementales.jpg\" \/>\n\t<meta property=\"og:image:width\" content=\"570\" \/>\n\t<meta property=\"og:image:height\" content=\"380\" \/>\n\t<meta property=\"og:image:type\" content=\"image\/jpeg\" \/>\n<meta name=\"twitter:card\" content=\"summary_large_image\" \/>\n<meta name=\"twitter:label1\" content=\"\u0648\u0642\u062a \u0627\u0644\u0642\u0631\u0627\u0621\u0629 \u0627\u0644\u0645\u064f\u0642\u062f\u0651\u0631\" \/>\n\t<meta name=\"twitter:data1\" content=\"\u062f\u0642\u064a\u0642\u0629 \u0648\u0627\u062d\u062f\u0629\" \/>\n<script type=\"application\/ld+json\" class=\"yoast-schema-graph\">{\"@context\":\"https:\/\/schema.org\",\"@graph\":[{\"@type\":\"WebPage\",\"@id\":\"https:\/\/pepiniere-nour.com\/produit\/rosier\",\"url\":\"https:\/\/pepiniere-nour.com\/produit\/rosier\",\"name\":\"Rosier - P\u00c9PINIERE NOUR DU CENTRE\",\"isPartOf\":{\"@id\":\"https:\/\/pepiniere-nour.com\/#website\"},\"primaryImageOfPage\":{\"@id\":\"https:\/\/pepiniere-nour.com\/produit\/rosier#primaryimage\"},\"image\":{\"@id\":\"https:\/\/pepiniere-nour.com\/produit\/rosier#primaryimage\"},\"thumbnailUrl\":\"https:\/\/pepiniere-nour.com\/wp-content\/uploads\/2024\/03\/Plantes-et-fleurs-ornementales.jpg\",\"datePublished\":\"2024-03-20T23:02:45+00:00\",\"dateModified\":\"2024-05-21T12:07:58+00:00\",\"breadcrumb\":{\"@id\":\"https:\/\/pepiniere-nour.com\/produit\/rosier#breadcrumb\"},\"inLanguage\":\"ar\",\"potentialAction\":[{\"@type\":\"ReadAction\",\"target\":[\"https:\/\/pepiniere-nour.com\/produit\/rosier\"]}]},{\"@type\":\"ImageObject\",\"inLanguage\":\"ar\",\"@id\":\"https:\/\/pepiniere-nour.com\/produit\/rosier#primaryimage\",\"url\":\"https:\/\/pepiniere-nour.com\/wp-content\/uploads\/2024\/03\/Plantes-et-fleurs-ornementales.jpg\",\"contentUrl\":\"https:\/\/pepiniere-nour.com\/wp-content\/uploads\/2024\/03\/Plantes-et-fleurs-ornementales.jpg\",\"width\":570,\"height\":380,\"caption\":\"Plantes et fleurs ornementales\"},{\"@type\":\"BreadcrumbList\",\"@id\":\"https:\/\/pepiniere-nour.com\/produit\/rosier#breadcrumb\",\"itemListElement\":[{\"@type\":\"ListItem\",\"position\":1,\"name\":\"Accueil\",\"item\":\"https:\/\/pepiniere-nour.com\/\"},{\"@type\":\"ListItem\",\"position\":2,\"name\":\"Boutique\",\"item\":\"https:\/\/pepiniere-nour.com\/boutique\"},{\"@type\":\"ListItem\",\"position\":3,\"name\":\"Rosier\"}]},{\"@type\":\"WebSite\",\"@id\":\"https:\/\/pepiniere-nour.com\/#website\",\"url\":\"https:\/\/pepiniere-nour.com\/\",\"name\":\"P\u00c9PINIERE NOUR DU CENTRE\",\"description\":\"P\u00c9PINIERE NOUR DU CENTRE\",\"publisher\":{\"@id\":\"https:\/\/pepiniere-nour.com\/#organization\"},\"potentialAction\":[{\"@type\":\"SearchAction\",\"target\":{\"@type\":\"EntryPoint\",\"urlTemplate\":\"https:\/\/pepiniere-nour.com\/?s={search_term_string}\"},\"query-input\":{\"@type\":\"PropertyValueSpecification\",\"valueRequired\":true,\"valueName\":\"search_term_string\"}}],\"inLanguage\":\"ar\"},{\"@type\":\"Organization\",\"@id\":\"https:\/\/pepiniere-nour.com\/#organization\",\"name\":\"P\u00c9PINIERE NOUR DU CENTRE\",\"url\":\"https:\/\/pepiniere-nour.com\/\",\"logo\":{\"@type\":\"ImageObject\",\"inLanguage\":\"ar\",\"@id\":\"https:\/\/pepiniere-nour.com\/#\/schema\/logo\/image\/\",\"url\":\"https:\/\/pepiniere-nour.com\/wp-content\/uploads\/2024\/03\/Remove-bg.ai_1709804773648.png\",\"contentUrl\":\"https:\/\/pepiniere-nour.com\/wp-content\/uploads\/2024\/03\/Remove-bg.ai_1709804773648.png\",\"width\":1199,\"height\":1199,\"caption\":\"P\u00c9PINIERE NOUR DU CENTRE\"},\"image\":{\"@id\":\"https:\/\/pepiniere-nour.com\/#\/schema\/logo\/image\/\"}}]}<\/script>\n<!-- \/ Yoast SEO plugin. -->","yoast_head_json":{"title":"Rosier - P\u00c9PINIERE NOUR DU CENTRE","robots":{"index":"index","follow":"follow","max-snippet":"max-snippet:-1","max-image-preview":"max-image-preview:large","max-video-preview":"max-video-preview:-1"},"canonical":"http:\/\/pepiniere-nour.com\/ar\/product\/rosier\/","og_locale":"ar_AR","og_type":"article","og_title":"Rosier - P\u00c9PINIERE NOUR DU CENTRE","og_description":"Le Rosier, \u00e9galement connu sous son nom latin Rosa, est une v\u00e9ritable merveille de la famille des Rosac\u00e9es, appr\u00e9ci\u00e9e pour sa beaut\u00e9 et sa polyvalence.  Caract\u00e9ristiques essentielles  Avec une hauteur adulte variant entre 40 cm et 60 cm, cet arbuste \u00e0 fleurs enchante les jardins de sa floraison multicolore, s'\u00e9talant de juin \u00e0 octobre. Ses feuilles, d'un vert fonc\u00e9 \u00e0 vert p\u00e2le, ajoutent une touche de fra\u00eecheur \u00e0 son esth\u00e9tique.  Polyvalence dans l'Am\u00e9nagement Jardin  Utilis\u00e9 en rocaille, en couvre-sol ou en bordure, le Rosier offre une vari\u00e9t\u00e9 d'options d'utilisation, s'adaptant \u00e0 divers environnements et styles de jardinage.","og_url":"http:\/\/pepiniere-nour.com\/ar\/product\/rosier\/","og_site_name":"P\u00c9PINIERE NOUR DU CENTRE","article_modified_time":"2024-05-21T12:07:58+00:00","og_image":[{"width":570,"height":380,"url":"https:\/\/pepiniere-nour.com\/wp-content\/uploads\/2024\/03\/Plantes-et-fleurs-ornementales.jpg","type":"image\/jpeg"}],"twitter_card":"summary_large_image","twitter_misc":{"\u0648\u0642\u062a \u0627\u0644\u0642\u0631\u0627\u0621\u0629 \u0627\u0644\u0645\u064f\u0642\u062f\u0651\u0631":"\u062f\u0642\u064a\u0642\u0629 \u0648\u0627\u062d\u062f\u0629"},"schema":{"@context":"https:\/\/schema.org","@graph":[{"@type":"WebPage","@id":"https:\/\/pepiniere-nour.com\/produit\/rosier","url":"https:\/\/pepiniere-nour.com\/produit\/rosier","name":"Rosier - P\u00c9PINIERE NOUR DU CENTRE","isPartOf":{"@id":"https:\/\/pepiniere-nour.com\/#website"},"primaryImageOfPage":{"@id":"https:\/\/pepiniere-nour.com\/produit\/rosier#primaryimage"},"image":{"@id":"https:\/\/pepiniere-nour.com\/produit\/rosier#primaryimage"},"thumbnailUrl":"https:\/\/pepiniere-nour.com\/wp-content\/uploads\/2024\/03\/Plantes-et-fleurs-ornementales.jpg","datePublished":"2024-03-20T23:02:45+00:00","dateModified":"2024-05-21T12:07:58+00:00","breadcrumb":{"@id":"https:\/\/pepiniere-nour.com\/produit\/rosier#breadcrumb"},"inLanguage":"ar","potentialAction":[{"@type":"ReadAction","target":["https:\/\/pepiniere-nour.com\/produit\/rosier"]}]},{"@type":"ImageObject","inLanguage":"ar","@id":"https:\/\/pepiniere-nour.com\/produit\/rosier#primaryimage","url":"https:\/\/pepiniere-nour.com\/wp-content\/uploads\/2024\/03\/Plantes-et-fleurs-ornementales.jpg","contentUrl":"https:\/\/pepiniere-nour.com\/wp-content\/uploads\/2024\/03\/Plantes-et-fleurs-ornementales.jpg","width":570,"height":380,"caption":"Plantes et fleurs ornementales"},{"@type":"BreadcrumbList","@id":"https:\/\/pepiniere-nour.com\/produit\/rosier#breadcrumb","itemListElement":[{"@type":"ListItem","position":1,"name":"Accueil","item":"https:\/\/pepiniere-nour.com\/"},{"@type":"ListItem","position":2,"name":"Boutique","item":"https:\/\/pepiniere-nour.com\/boutique"},{"@type":"ListItem","position":3,"name":"Rosier"}]},{"@type":"WebSite","@id":"https:\/\/pepiniere-nour.com\/#website","url":"https:\/\/pepiniere-nour.com\/","name":"P\u00c9PINIERE NOUR DU CENTRE","description":"P\u00c9PINIERE NOUR DU CENTRE","publisher":{"@id":"https:\/\/pepiniere-nour.com\/#organization"},"potentialAction":[{"@type":"SearchAction","target":{"@type":"EntryPoint","urlTemplate":"https:\/\/pepiniere-nour.com\/?s={search_term_string}"},"query-input":{"@type":"PropertyValueSpecification","valueRequired":true,"valueName":"search_term_string"}}],"inLanguage":"ar"},{"@type":"Organization","@id":"https:\/\/pepiniere-nour.com\/#organization","name":"P\u00c9PINIERE NOUR DU CENTRE","url":"https:\/\/pepiniere-nour.com\/","logo":{"@type":"ImageObject","inLanguage":"ar","@id":"https:\/\/pepiniere-nour.com\/#\/schema\/logo\/image\/","url":"https:\/\/pepiniere-nour.com\/wp-content\/uploads\/2024\/03\/Remove-bg.ai_1709804773648.png","contentUrl":"https:\/\/pepiniere-nour.com\/wp-content\/uploads\/2024\/03\/Remove-bg.ai_1709804773648.png","width":1199,"height":1199,"caption":"P\u00c9PINIERE NOUR DU CENTRE"},"image":{"@id":"https:\/\/pepiniere-nour.com\/#\/schema\/logo\/image\/"}}]}},"_links":{"self":[{"href":"http:\/\/pepiniere-nour.com\/ar\/wp-json\/wp\/v2\/product\/1026","targetHints":{"allow":["GET"]}}],"collection":[{"href":"http:\/\/pepiniere-nour.com\/ar\/wp-json\/wp\/v2\/product"}],"about":[{"href":"http:\/\/pepiniere-nour.com\/ar\/wp-json\/wp\/v2\/types\/product"}],"wp:featuredmedia":[{"embeddable":true,"href":"http:\/\/pepiniere-nour.com\/ar\/wp-json\/wp\/v2\/media\/2601"}],"wp:attachment":[{"href":"http:\/\/pepiniere-nour.com\/ar\/wp-json\/wp\/v2\/media?parent=1026"}],"wp:term":[{"taxonomy":"product_brand","embeddable":true,"href":"http:\/\/pepiniere-nour.com\/ar\/wp-json\/wp\/v2\/product_brand?post=1026"},{"taxonomy":"product_cat","embeddable":true,"href":"http:\/\/pepiniere-nour.com\/ar\/wp-json\/wp\/v2\/product_cat?post=1026"},{"taxonomy":"product_tag","embeddable":true,"href":"http:\/\/pepiniere-nour.com\/ar\/wp-json\/wp\/v2\/product_tag?post=1026"}],"curies":[{"name":"wp","href":"https:\/\/api.w.org\/{rel}","templated":true}]}}