{"id":1025,"date":"2024-03-20T23:02:30","date_gmt":"2024-03-20T23:02:30","guid":{"rendered":"https:\/\/pepiniere-nour.com\/?post_type=product&#038;p=1025"},"modified":"2024-05-20T21:49:11","modified_gmt":"2024-05-20T21:49:11","slug":"palmier-washingtonia","status":"publish","type":"product","link":"http:\/\/pepiniere-nour.com\/ar\/product\/palmier-washingtonia","title":{"rendered":"\u0646\u062e\u064a\u0644 \u0648\u0627\u0634\u0646\u0637\u0646"},"content":{"rendered":"","protected":false},"excerpt":{"rendered":"<p><strong>\u0623\u0635\u0644 \u0627\u0644\u0634\u062c\u0631\u0629<\/strong><\/p>\n<p>\u0645\u0648\u0637\u0646\u0647\u0627 \u0627\u0644\u0645\u0643\u0633\u064a\u0643 \u060c \u062a\u0642\u0641 \u0648\u0627\u0634\u0646\u0637\u0646 \u0631\u0648\u0628\u0648\u0633\u062a\u0627 \u0643\u0634\u0639\u0627\u0631 \u0644\u0644\u0646\u0639\u0645\u0629 \u0648\u0627\u0644\u0645\u0633\u0627\u062d\u0627\u062a \u0627\u0644\u062e\u0636\u0631\u0627\u0621 \u0641\u064a \u0627\u0644\u062d\u062f\u0627\u0626\u0642.<\/p>\n<p><strong>\u0627\u0644\u0645\u064a\u0632\u0627\u062a \u0627\u0644\u0631\u0626\u064a\u0633\u064a\u0629 <\/strong><\/p>\n<p>\u0627\u0644\u0648\u0635\u0648\u0644 \u0625\u0644\u0649 \u0627\u0631\u062a\u0641\u0627\u0639 \u0646\u0627\u0636\u062c \u0645\u062b\u064a\u0631 \u0644\u0644\u0625\u0639\u062c\u0627\u0628 \u0645\u0646 <strong>8<\/strong> \u0625\u0644\u0649 <strong>10 \u0645\u062a\u0631<\/strong>, cet arbre, ou palmier, incarne une beaut\u00e9 intemporelle avec sa v\u00e9g\u00e9tation persistante et son feuillage vert \u00e9clatant. Cette caract\u00e9ristique en fait un choix id\u00e9al pour l&rsquo;isolement ou en massif, o\u00f9 sa pr\u00e9sence imposante apporte une touche de grandeur au paysage. De plus, sa croissance r\u00e9guli\u00e8re et son entretien facile en font une esp\u00e8ce appr\u00e9ci\u00e9e des jardiniers, avec un niveau de soin class\u00e9 comme facile.<\/p>","protected":false},"featured_media":2547,"template":"","meta":{"_acf_changed":false},"product_brand":[],"product_cat":[57],"product_tag":[24,35,25,26,27],"class_list":{"0":"post-1025","1":"product","2":"type-product","3":"status-publish","4":"has-post-thumbnail","6":"product_cat-plants-ornementals","7":"product_tag-equipment","8":"product_tag-etranger","9":"product_tag-garden","10":"product_tag-plants","11":"product_tag-tools","13":"first","14":"instock","15":"shipping-taxable","16":"purchasable","17":"product-type-simple"},"acf":[],"yoast_head":"<!-- This site is optimized with the Yoast SEO plugin v25.5 - https:\/\/yoast.com\/wordpress\/plugins\/seo\/ -->\n<title>Palmier Washingtonia - P\u00c9PINIERE NOUR DU CENTRE<\/title>\n<meta name=\"robots\" content=\"index, follow, max-snippet:-1, max-image-preview:large, max-video-preview:-1\" \/>\n<link rel=\"canonical\" href=\"http:\/\/pepiniere-nour.com\/ar\/product\/palmier-washingtonia\/\" \/>\n<meta property=\"og:locale\" content=\"ar_AR\" \/>\n<meta property=\"og:type\" content=\"article\" \/>\n<meta property=\"og:title\" content=\"Palmier Washingtonia - P\u00c9PINIERE NOUR DU CENTRE\" \/>\n<meta property=\"og:description\" content=\"Origine de l\u2019arbre  Originaire du Mexique, le Washingtonia robusta se dresse tel un embl\u00e8me de gr\u00e2ce et de verdure dans les jardins.  Caract\u00e9ristiques essentielles   Atteignant une hauteur mature impressionnante de 8 \u00e0 10 m\u00e8tres, cet arbre, ou palmier, incarne une beaut\u00e9 intemporelle avec sa v\u00e9g\u00e9tation persistante et son feuillage vert \u00e9clatant. Cette caract\u00e9ristique en fait un choix id\u00e9al pour l&#039;isolement ou en massif, o\u00f9 sa pr\u00e9sence imposante apporte une touche de grandeur au paysage. De plus, sa croissance r\u00e9guli\u00e8re et son entretien facile en font une esp\u00e8ce appr\u00e9ci\u00e9e des jardiniers, avec un niveau de soin class\u00e9 comme facile.\" \/>\n<meta property=\"og:url\" content=\"http:\/\/pepiniere-nour.com\/ar\/product\/palmier-washingtonia\/\" \/>\n<meta property=\"og:site_name\" content=\"P\u00c9PINIERE NOUR DU CENTRE\" \/>\n<meta property=\"article:modified_time\" content=\"2024-05-20T21:49:11+00:00\" \/>\n<meta property=\"og:image\" content=\"https:\/\/pepiniere-nour.com\/wp-content\/uploads\/2024\/03\/Palmier-Washingtonia.jpg\" \/>\n\t<meta property=\"og:image:width\" content=\"570\" \/>\n\t<meta property=\"og:image:height\" content=\"379\" \/>\n\t<meta property=\"og:image:type\" content=\"image\/jpeg\" \/>\n<meta name=\"twitter:card\" content=\"summary_large_image\" \/>\n<meta name=\"twitter:label1\" content=\"\u0648\u0642\u062a \u0627\u0644\u0642\u0631\u0627\u0621\u0629 \u0627\u0644\u0645\u064f\u0642\u062f\u0651\u0631\" \/>\n\t<meta name=\"twitter:data1\" content=\"\u062f\u0642\u064a\u0642\u0629 \u0648\u0627\u062d\u062f\u0629\" \/>\n<script type=\"application\/ld+json\" class=\"yoast-schema-graph\">{\"@context\":\"https:\/\/schema.org\",\"@graph\":[{\"@type\":\"WebPage\",\"@id\":\"https:\/\/pepiniere-nour.com\/produit\/palmier-washingtonia\",\"url\":\"https:\/\/pepiniere-nour.com\/produit\/palmier-washingtonia\",\"name\":\"Palmier Washingtonia - P\u00c9PINIERE NOUR DU CENTRE\",\"isPartOf\":{\"@id\":\"https:\/\/pepiniere-nour.com\/#website\"},\"primaryImageOfPage\":{\"@id\":\"https:\/\/pepiniere-nour.com\/produit\/palmier-washingtonia#primaryimage\"},\"image\":{\"@id\":\"https:\/\/pepiniere-nour.com\/produit\/palmier-washingtonia#primaryimage\"},\"thumbnailUrl\":\"https:\/\/pepiniere-nour.com\/wp-content\/uploads\/2024\/03\/Palmier-Washingtonia.jpg\",\"datePublished\":\"2024-03-20T23:02:30+00:00\",\"dateModified\":\"2024-05-20T21:49:11+00:00\",\"breadcrumb\":{\"@id\":\"https:\/\/pepiniere-nour.com\/produit\/palmier-washingtonia#breadcrumb\"},\"inLanguage\":\"ar\",\"potentialAction\":[{\"@type\":\"ReadAction\",\"target\":[\"https:\/\/pepiniere-nour.com\/produit\/palmier-washingtonia\"]}]},{\"@type\":\"ImageObject\",\"inLanguage\":\"ar\",\"@id\":\"https:\/\/pepiniere-nour.com\/produit\/palmier-washingtonia#primaryimage\",\"url\":\"https:\/\/pepiniere-nour.com\/wp-content\/uploads\/2024\/03\/Palmier-Washingtonia.jpg\",\"contentUrl\":\"https:\/\/pepiniere-nour.com\/wp-content\/uploads\/2024\/03\/Palmier-Washingtonia.jpg\",\"width\":570,\"height\":379,\"caption\":\"Palmier Washingtonia\"},{\"@type\":\"BreadcrumbList\",\"@id\":\"https:\/\/pepiniere-nour.com\/produit\/palmier-washingtonia#breadcrumb\",\"itemListElement\":[{\"@type\":\"ListItem\",\"position\":1,\"name\":\"Accueil\",\"item\":\"https:\/\/pepiniere-nour.com\/\"},{\"@type\":\"ListItem\",\"position\":2,\"name\":\"Boutique\",\"item\":\"https:\/\/pepiniere-nour.com\/boutique\"},{\"@type\":\"ListItem\",\"position\":3,\"name\":\"Palmier Washingtonia\"}]},{\"@type\":\"WebSite\",\"@id\":\"https:\/\/pepiniere-nour.com\/#website\",\"url\":\"https:\/\/pepiniere-nour.com\/\",\"name\":\"P\u00c9PINIERE NOUR DU CENTRE\",\"description\":\"P\u00c9PINIERE NOUR DU CENTRE\",\"publisher\":{\"@id\":\"https:\/\/pepiniere-nour.com\/#organization\"},\"potentialAction\":[{\"@type\":\"SearchAction\",\"target\":{\"@type\":\"EntryPoint\",\"urlTemplate\":\"https:\/\/pepiniere-nour.com\/?s={search_term_string}\"},\"query-input\":{\"@type\":\"PropertyValueSpecification\",\"valueRequired\":true,\"valueName\":\"search_term_string\"}}],\"inLanguage\":\"ar\"},{\"@type\":\"Organization\",\"@id\":\"https:\/\/pepiniere-nour.com\/#organization\",\"name\":\"P\u00c9PINIERE NOUR DU CENTRE\",\"url\":\"https:\/\/pepiniere-nour.com\/\",\"logo\":{\"@type\":\"ImageObject\",\"inLanguage\":\"ar\",\"@id\":\"https:\/\/pepiniere-nour.com\/#\/schema\/logo\/image\/\",\"url\":\"https:\/\/pepiniere-nour.com\/wp-content\/uploads\/2024\/03\/Remove-bg.ai_1709804773648.png\",\"contentUrl\":\"https:\/\/pepiniere-nour.com\/wp-content\/uploads\/2024\/03\/Remove-bg.ai_1709804773648.png\",\"width\":1199,\"height\":1199,\"caption\":\"P\u00c9PINIERE NOUR DU CENTRE\"},\"image\":{\"@id\":\"https:\/\/pepiniere-nour.com\/#\/schema\/logo\/image\/\"}}]}<\/script>\n<!-- \/ Yoast SEO plugin. -->","yoast_head_json":{"title":"Palmier Washingtonia - P\u00c9PINIERE NOUR DU CENTRE","robots":{"index":"index","follow":"follow","max-snippet":"max-snippet:-1","max-image-preview":"max-image-preview:large","max-video-preview":"max-video-preview:-1"},"canonical":"http:\/\/pepiniere-nour.com\/ar\/product\/palmier-washingtonia\/","og_locale":"ar_AR","og_type":"article","og_title":"Palmier Washingtonia - P\u00c9PINIERE NOUR DU CENTRE","og_description":"Origine de l\u2019arbre  Originaire du Mexique, le Washingtonia robusta se dresse tel un embl\u00e8me de gr\u00e2ce et de verdure dans les jardins.  Caract\u00e9ristiques essentielles   Atteignant une hauteur mature impressionnante de 8 \u00e0 10 m\u00e8tres, cet arbre, ou palmier, incarne une beaut\u00e9 intemporelle avec sa v\u00e9g\u00e9tation persistante et son feuillage vert \u00e9clatant. Cette caract\u00e9ristique en fait un choix id\u00e9al pour l'isolement ou en massif, o\u00f9 sa pr\u00e9sence imposante apporte une touche de grandeur au paysage. De plus, sa croissance r\u00e9guli\u00e8re et son entretien facile en font une esp\u00e8ce appr\u00e9ci\u00e9e des jardiniers, avec un niveau de soin class\u00e9 comme facile.","og_url":"http:\/\/pepiniere-nour.com\/ar\/product\/palmier-washingtonia\/","og_site_name":"P\u00c9PINIERE NOUR DU CENTRE","article_modified_time":"2024-05-20T21:49:11+00:00","og_image":[{"width":570,"height":379,"url":"https:\/\/pepiniere-nour.com\/wp-content\/uploads\/2024\/03\/Palmier-Washingtonia.jpg","type":"image\/jpeg"}],"twitter_card":"summary_large_image","twitter_misc":{"\u0648\u0642\u062a \u0627\u0644\u0642\u0631\u0627\u0621\u0629 \u0627\u0644\u0645\u064f\u0642\u062f\u0651\u0631":"\u062f\u0642\u064a\u0642\u0629 \u0648\u0627\u062d\u062f\u0629"},"schema":{"@context":"https:\/\/schema.org","@graph":[{"@type":"WebPage","@id":"https:\/\/pepiniere-nour.com\/produit\/palmier-washingtonia","url":"https:\/\/pepiniere-nour.com\/produit\/palmier-washingtonia","name":"Palmier Washingtonia - P\u00c9PINIERE NOUR DU CENTRE","isPartOf":{"@id":"https:\/\/pepiniere-nour.com\/#website"},"primaryImageOfPage":{"@id":"https:\/\/pepiniere-nour.com\/produit\/palmier-washingtonia#primaryimage"},"image":{"@id":"https:\/\/pepiniere-nour.com\/produit\/palmier-washingtonia#primaryimage"},"thumbnailUrl":"https:\/\/pepiniere-nour.com\/wp-content\/uploads\/2024\/03\/Palmier-Washingtonia.jpg","datePublished":"2024-03-20T23:02:30+00:00","dateModified":"2024-05-20T21:49:11+00:00","breadcrumb":{"@id":"https:\/\/pepiniere-nour.com\/produit\/palmier-washingtonia#breadcrumb"},"inLanguage":"ar","potentialAction":[{"@type":"ReadAction","target":["https:\/\/pepiniere-nour.com\/produit\/palmier-washingtonia"]}]},{"@type":"ImageObject","inLanguage":"ar","@id":"https:\/\/pepiniere-nour.com\/produit\/palmier-washingtonia#primaryimage","url":"https:\/\/pepiniere-nour.com\/wp-content\/uploads\/2024\/03\/Palmier-Washingtonia.jpg","contentUrl":"https:\/\/pepiniere-nour.com\/wp-content\/uploads\/2024\/03\/Palmier-Washingtonia.jpg","width":570,"height":379,"caption":"Palmier Washingtonia"},{"@type":"BreadcrumbList","@id":"https:\/\/pepiniere-nour.com\/produit\/palmier-washingtonia#breadcrumb","itemListElement":[{"@type":"ListItem","position":1,"name":"Accueil","item":"https:\/\/pepiniere-nour.com\/"},{"@type":"ListItem","position":2,"name":"Boutique","item":"https:\/\/pepiniere-nour.com\/boutique"},{"@type":"ListItem","position":3,"name":"Palmier Washingtonia"}]},{"@type":"WebSite","@id":"https:\/\/pepiniere-nour.com\/#website","url":"https:\/\/pepiniere-nour.com\/","name":"P\u00c9PINIERE NOUR DU CENTRE","description":"P\u00c9PINIERE NOUR DU CENTRE","publisher":{"@id":"https:\/\/pepiniere-nour.com\/#organization"},"potentialAction":[{"@type":"SearchAction","target":{"@type":"EntryPoint","urlTemplate":"https:\/\/pepiniere-nour.com\/?s={search_term_string}"},"query-input":{"@type":"PropertyValueSpecification","valueRequired":true,"valueName":"search_term_string"}}],"inLanguage":"ar"},{"@type":"Organization","@id":"https:\/\/pepiniere-nour.com\/#organization","name":"P\u00c9PINIERE NOUR DU CENTRE","url":"https:\/\/pepiniere-nour.com\/","logo":{"@type":"ImageObject","inLanguage":"ar","@id":"https:\/\/pepiniere-nour.com\/#\/schema\/logo\/image\/","url":"https:\/\/pepiniere-nour.com\/wp-content\/uploads\/2024\/03\/Remove-bg.ai_1709804773648.png","contentUrl":"https:\/\/pepiniere-nour.com\/wp-content\/uploads\/2024\/03\/Remove-bg.ai_1709804773648.png","width":1199,"height":1199,"caption":"P\u00c9PINIERE NOUR DU CENTRE"},"image":{"@id":"https:\/\/pepiniere-nour.com\/#\/schema\/logo\/image\/"}}]}},"_links":{"self":[{"href":"http:\/\/pepiniere-nour.com\/ar\/wp-json\/wp\/v2\/product\/1025","targetHints":{"allow":["GET"]}}],"collection":[{"href":"http:\/\/pepiniere-nour.com\/ar\/wp-json\/wp\/v2\/product"}],"about":[{"href":"http:\/\/pepiniere-nour.com\/ar\/wp-json\/wp\/v2\/types\/product"}],"wp:featuredmedia":[{"embeddable":true,"href":"http:\/\/pepiniere-nour.com\/ar\/wp-json\/wp\/v2\/media\/2547"}],"wp:attachment":[{"href":"http:\/\/pepiniere-nour.com\/ar\/wp-json\/wp\/v2\/media?parent=1025"}],"wp:term":[{"taxonomy":"product_brand","embeddable":true,"href":"http:\/\/pepiniere-nour.com\/ar\/wp-json\/wp\/v2\/product_brand?post=1025"},{"taxonomy":"product_cat","embeddable":true,"href":"http:\/\/pepiniere-nour.com\/ar\/wp-json\/wp\/v2\/product_cat?post=1025"},{"taxonomy":"product_tag","embeddable":true,"href":"http:\/\/pepiniere-nour.com\/ar\/wp-json\/wp\/v2\/product_tag?post=1025"}],"curies":[{"name":"wp","href":"https:\/\/api.w.org\/{rel}","templated":true}]}}