{"id":1021,"date":"2024-03-20T23:01:58","date_gmt":"2024-03-20T23:01:58","guid":{"rendered":"https:\/\/pepiniere-nour.com\/?post_type=product&#038;p=1021"},"modified":"2024-05-20T21:57:50","modified_gmt":"2024-05-20T21:57:50","slug":"jasmin-darabie","status":"publish","type":"product","link":"http:\/\/pepiniere-nour.com\/ar\/product\/jasmin-darabie","title":{"rendered":"Jasmin d&rsquo;Arabie"},"content":{"rendered":"","protected":false},"excerpt":{"rendered":"<p><strong>\u0627\u0644\u0623\u0635\u0644 \u0648\u0627\u0644\u062e\u0635\u0627\u0626\u0635 <\/strong><\/p>\n<p>Originaire d&rsquo;Inde, le Jasmin d&rsquo;Arabie est un arbuste sarmenteux, assimilable \u00e0 une grimpante susceptible d&rsquo;atteindre <strong>3 m\u00e8tres<\/strong> de hauteur. Son attrait principal r\u00e9side dans sa floraison abondante, d\u00e9ployant des fleurs blanches d&rsquo;une \u00e9l\u00e9gance d\u00e9licate et d&rsquo;un parfum envo\u00fbtant. Ces fleurs, qui s&rsquo;\u00e9panouissent de juin \u00e0 novembre, cr\u00e9ent un spectacle envo\u00fbtant dans tout jardin ensoleill\u00e9. Leur pr\u00e9sence attire une multitude d&rsquo;insectes b\u00e9n\u00e9fiques, contribuant ainsi \u00e0 la biodiversit\u00e9 de l&rsquo;\u00e9cosyst\u00e8me jardinier.<\/p>\n<p><strong>\u0639\u0637\u0631 \u0622\u0633\u0631<\/strong><\/p>\n<p>Le parfum du Jasminum sambac est l\u00e9gendaire. Son ar\u00f4me suave et enivrant embaume l&rsquo;air, \u00e9voquant les chaudes nuits orientales. Sa fragrance captivante transporte les sens vers des contr\u00e9es lointaines, ajoutant une dimension sensorielle unique \u00e0 l&rsquo;exp\u00e9rience du jardinage.<\/p>","protected":false},"featured_media":2549,"template":"","meta":{"_acf_changed":false},"product_brand":[],"product_cat":[57],"product_tag":[24,35,25,26,27],"class_list":{"0":"post-1021","1":"product","2":"type-product","3":"status-publish","4":"has-post-thumbnail","6":"product_cat-plants-ornementals","7":"product_tag-equipment","8":"product_tag-etranger","9":"product_tag-garden","10":"product_tag-plants","11":"product_tag-tools","13":"first","14":"instock","15":"shipping-taxable","16":"purchasable","17":"product-type-simple"},"acf":[],"yoast_head":"<!-- This site is optimized with the Yoast SEO plugin v25.5 - https:\/\/yoast.com\/wordpress\/plugins\/seo\/ -->\n<title>Jasmin d&#039;Arabie - P\u00c9PINIERE NOUR DU CENTRE<\/title>\n<meta name=\"robots\" content=\"index, follow, max-snippet:-1, max-image-preview:large, max-video-preview:-1\" \/>\n<link rel=\"canonical\" href=\"http:\/\/pepiniere-nour.com\/ar\/product\/jasmin-darabie\/\" \/>\n<meta property=\"og:locale\" content=\"ar_AR\" \/>\n<meta property=\"og:type\" content=\"article\" \/>\n<meta property=\"og:title\" content=\"Jasmin d&#039;Arabie - P\u00c9PINIERE NOUR DU CENTRE\" \/>\n<meta property=\"og:description\" content=\"Origine et Caract\u00e9ristiques   Originaire d&#039;Inde, le Jasmin d&#039;Arabie est un arbuste sarmenteux, assimilable \u00e0 une grimpante susceptible d&#039;atteindre 3 m\u00e8tres de hauteur. Son attrait principal r\u00e9side dans sa floraison abondante, d\u00e9ployant des fleurs blanches d&#039;une \u00e9l\u00e9gance d\u00e9licate et d&#039;un parfum envo\u00fbtant. Ces fleurs, qui s&#039;\u00e9panouissent de juin \u00e0 novembre, cr\u00e9ent un spectacle envo\u00fbtant dans tout jardin ensoleill\u00e9. Leur pr\u00e9sence attire une multitude d&#039;insectes b\u00e9n\u00e9fiques, contribuant ainsi \u00e0 la biodiversit\u00e9 de l&#039;\u00e9cosyst\u00e8me jardinier.  Un Parfum Captivant  Le parfum du Jasminum sambac est l\u00e9gendaire. Son ar\u00f4me suave et enivrant embaume l&#039;air, \u00e9voquant les chaudes nuits orientales. Sa fragrance captivante transporte les sens vers des contr\u00e9es lointaines, ajoutant une dimension sensorielle unique \u00e0 l&#039;exp\u00e9rience du jardinage.\" \/>\n<meta property=\"og:url\" content=\"http:\/\/pepiniere-nour.com\/ar\/product\/jasmin-darabie\/\" \/>\n<meta property=\"og:site_name\" content=\"P\u00c9PINIERE NOUR DU CENTRE\" \/>\n<meta property=\"article:modified_time\" content=\"2024-05-20T21:57:50+00:00\" \/>\n<meta property=\"og:image\" content=\"https:\/\/pepiniere-nour.com\/wp-content\/uploads\/2024\/03\/Jasmin-dArabie.jpg\" \/>\n\t<meta property=\"og:image:width\" content=\"570\" \/>\n\t<meta property=\"og:image:height\" content=\"380\" \/>\n\t<meta property=\"og:image:type\" content=\"image\/jpeg\" \/>\n<meta name=\"twitter:card\" content=\"summary_large_image\" \/>\n<meta name=\"twitter:label1\" content=\"\u0648\u0642\u062a \u0627\u0644\u0642\u0631\u0627\u0621\u0629 \u0627\u0644\u0645\u064f\u0642\u062f\u0651\u0631\" \/>\n\t<meta name=\"twitter:data1\" content=\"\u062f\u0642\u064a\u0642\u0629 \u0648\u0627\u062d\u062f\u0629\" \/>\n<script type=\"application\/ld+json\" class=\"yoast-schema-graph\">{\"@context\":\"https:\/\/schema.org\",\"@graph\":[{\"@type\":\"WebPage\",\"@id\":\"https:\/\/pepiniere-nour.com\/produit\/jasmin-darabie\",\"url\":\"https:\/\/pepiniere-nour.com\/produit\/jasmin-darabie\",\"name\":\"Jasmin d'Arabie - P\u00c9PINIERE NOUR DU CENTRE\",\"isPartOf\":{\"@id\":\"https:\/\/pepiniere-nour.com\/#website\"},\"primaryImageOfPage\":{\"@id\":\"https:\/\/pepiniere-nour.com\/produit\/jasmin-darabie#primaryimage\"},\"image\":{\"@id\":\"https:\/\/pepiniere-nour.com\/produit\/jasmin-darabie#primaryimage\"},\"thumbnailUrl\":\"https:\/\/pepiniere-nour.com\/wp-content\/uploads\/2024\/03\/Jasmin-dArabie.jpg\",\"datePublished\":\"2024-03-20T23:01:58+00:00\",\"dateModified\":\"2024-05-20T21:57:50+00:00\",\"breadcrumb\":{\"@id\":\"https:\/\/pepiniere-nour.com\/produit\/jasmin-darabie#breadcrumb\"},\"inLanguage\":\"ar\",\"potentialAction\":[{\"@type\":\"ReadAction\",\"target\":[\"https:\/\/pepiniere-nour.com\/produit\/jasmin-darabie\"]}]},{\"@type\":\"ImageObject\",\"inLanguage\":\"ar\",\"@id\":\"https:\/\/pepiniere-nour.com\/produit\/jasmin-darabie#primaryimage\",\"url\":\"https:\/\/pepiniere-nour.com\/wp-content\/uploads\/2024\/03\/Jasmin-dArabie.jpg\",\"contentUrl\":\"https:\/\/pepiniere-nour.com\/wp-content\/uploads\/2024\/03\/Jasmin-dArabie.jpg\",\"width\":570,\"height\":380,\"caption\":\"Jasmin d'Arabie\"},{\"@type\":\"BreadcrumbList\",\"@id\":\"https:\/\/pepiniere-nour.com\/produit\/jasmin-darabie#breadcrumb\",\"itemListElement\":[{\"@type\":\"ListItem\",\"position\":1,\"name\":\"Accueil\",\"item\":\"https:\/\/pepiniere-nour.com\/\"},{\"@type\":\"ListItem\",\"position\":2,\"name\":\"Boutique\",\"item\":\"https:\/\/pepiniere-nour.com\/boutique\"},{\"@type\":\"ListItem\",\"position\":3,\"name\":\"Jasmin d&rsquo;Arabie\"}]},{\"@type\":\"WebSite\",\"@id\":\"https:\/\/pepiniere-nour.com\/#website\",\"url\":\"https:\/\/pepiniere-nour.com\/\",\"name\":\"P\u00c9PINIERE NOUR DU CENTRE\",\"description\":\"P\u00c9PINIERE NOUR DU CENTRE\",\"publisher\":{\"@id\":\"https:\/\/pepiniere-nour.com\/#organization\"},\"potentialAction\":[{\"@type\":\"SearchAction\",\"target\":{\"@type\":\"EntryPoint\",\"urlTemplate\":\"https:\/\/pepiniere-nour.com\/?s={search_term_string}\"},\"query-input\":{\"@type\":\"PropertyValueSpecification\",\"valueRequired\":true,\"valueName\":\"search_term_string\"}}],\"inLanguage\":\"ar\"},{\"@type\":\"Organization\",\"@id\":\"https:\/\/pepiniere-nour.com\/#organization\",\"name\":\"P\u00c9PINIERE NOUR DU CENTRE\",\"url\":\"https:\/\/pepiniere-nour.com\/\",\"logo\":{\"@type\":\"ImageObject\",\"inLanguage\":\"ar\",\"@id\":\"https:\/\/pepiniere-nour.com\/#\/schema\/logo\/image\/\",\"url\":\"https:\/\/pepiniere-nour.com\/wp-content\/uploads\/2024\/03\/Remove-bg.ai_1709804773648.png\",\"contentUrl\":\"https:\/\/pepiniere-nour.com\/wp-content\/uploads\/2024\/03\/Remove-bg.ai_1709804773648.png\",\"width\":1199,\"height\":1199,\"caption\":\"P\u00c9PINIERE NOUR DU CENTRE\"},\"image\":{\"@id\":\"https:\/\/pepiniere-nour.com\/#\/schema\/logo\/image\/\"}}]}<\/script>\n<!-- \/ Yoast SEO plugin. -->","yoast_head_json":{"title":"Jasmin d'Arabie - P\u00c9PINIERE NOUR DU CENTRE","robots":{"index":"index","follow":"follow","max-snippet":"max-snippet:-1","max-image-preview":"max-image-preview:large","max-video-preview":"max-video-preview:-1"},"canonical":"http:\/\/pepiniere-nour.com\/ar\/product\/jasmin-darabie\/","og_locale":"ar_AR","og_type":"article","og_title":"Jasmin d'Arabie - P\u00c9PINIERE NOUR DU CENTRE","og_description":"Origine et Caract\u00e9ristiques   Originaire d'Inde, le Jasmin d'Arabie est un arbuste sarmenteux, assimilable \u00e0 une grimpante susceptible d'atteindre 3 m\u00e8tres de hauteur. Son attrait principal r\u00e9side dans sa floraison abondante, d\u00e9ployant des fleurs blanches d'une \u00e9l\u00e9gance d\u00e9licate et d'un parfum envo\u00fbtant. Ces fleurs, qui s'\u00e9panouissent de juin \u00e0 novembre, cr\u00e9ent un spectacle envo\u00fbtant dans tout jardin ensoleill\u00e9. Leur pr\u00e9sence attire une multitude d'insectes b\u00e9n\u00e9fiques, contribuant ainsi \u00e0 la biodiversit\u00e9 de l'\u00e9cosyst\u00e8me jardinier.  Un Parfum Captivant  Le parfum du Jasminum sambac est l\u00e9gendaire. Son ar\u00f4me suave et enivrant embaume l'air, \u00e9voquant les chaudes nuits orientales. Sa fragrance captivante transporte les sens vers des contr\u00e9es lointaines, ajoutant une dimension sensorielle unique \u00e0 l'exp\u00e9rience du jardinage.","og_url":"http:\/\/pepiniere-nour.com\/ar\/product\/jasmin-darabie\/","og_site_name":"P\u00c9PINIERE NOUR DU CENTRE","article_modified_time":"2024-05-20T21:57:50+00:00","og_image":[{"width":570,"height":380,"url":"https:\/\/pepiniere-nour.com\/wp-content\/uploads\/2024\/03\/Jasmin-dArabie.jpg","type":"image\/jpeg"}],"twitter_card":"summary_large_image","twitter_misc":{"\u0648\u0642\u062a \u0627\u0644\u0642\u0631\u0627\u0621\u0629 \u0627\u0644\u0645\u064f\u0642\u062f\u0651\u0631":"\u062f\u0642\u064a\u0642\u0629 \u0648\u0627\u062d\u062f\u0629"},"schema":{"@context":"https:\/\/schema.org","@graph":[{"@type":"WebPage","@id":"https:\/\/pepiniere-nour.com\/produit\/jasmin-darabie","url":"https:\/\/pepiniere-nour.com\/produit\/jasmin-darabie","name":"Jasmin d'Arabie - P\u00c9PINIERE NOUR DU CENTRE","isPartOf":{"@id":"https:\/\/pepiniere-nour.com\/#website"},"primaryImageOfPage":{"@id":"https:\/\/pepiniere-nour.com\/produit\/jasmin-darabie#primaryimage"},"image":{"@id":"https:\/\/pepiniere-nour.com\/produit\/jasmin-darabie#primaryimage"},"thumbnailUrl":"https:\/\/pepiniere-nour.com\/wp-content\/uploads\/2024\/03\/Jasmin-dArabie.jpg","datePublished":"2024-03-20T23:01:58+00:00","dateModified":"2024-05-20T21:57:50+00:00","breadcrumb":{"@id":"https:\/\/pepiniere-nour.com\/produit\/jasmin-darabie#breadcrumb"},"inLanguage":"ar","potentialAction":[{"@type":"ReadAction","target":["https:\/\/pepiniere-nour.com\/produit\/jasmin-darabie"]}]},{"@type":"ImageObject","inLanguage":"ar","@id":"https:\/\/pepiniere-nour.com\/produit\/jasmin-darabie#primaryimage","url":"https:\/\/pepiniere-nour.com\/wp-content\/uploads\/2024\/03\/Jasmin-dArabie.jpg","contentUrl":"https:\/\/pepiniere-nour.com\/wp-content\/uploads\/2024\/03\/Jasmin-dArabie.jpg","width":570,"height":380,"caption":"Jasmin d'Arabie"},{"@type":"BreadcrumbList","@id":"https:\/\/pepiniere-nour.com\/produit\/jasmin-darabie#breadcrumb","itemListElement":[{"@type":"ListItem","position":1,"name":"Accueil","item":"https:\/\/pepiniere-nour.com\/"},{"@type":"ListItem","position":2,"name":"Boutique","item":"https:\/\/pepiniere-nour.com\/boutique"},{"@type":"ListItem","position":3,"name":"Jasmin d&rsquo;Arabie"}]},{"@type":"WebSite","@id":"https:\/\/pepiniere-nour.com\/#website","url":"https:\/\/pepiniere-nour.com\/","name":"P\u00c9PINIERE NOUR DU CENTRE","description":"P\u00c9PINIERE NOUR DU CENTRE","publisher":{"@id":"https:\/\/pepiniere-nour.com\/#organization"},"potentialAction":[{"@type":"SearchAction","target":{"@type":"EntryPoint","urlTemplate":"https:\/\/pepiniere-nour.com\/?s={search_term_string}"},"query-input":{"@type":"PropertyValueSpecification","valueRequired":true,"valueName":"search_term_string"}}],"inLanguage":"ar"},{"@type":"Organization","@id":"https:\/\/pepiniere-nour.com\/#organization","name":"P\u00c9PINIERE NOUR DU CENTRE","url":"https:\/\/pepiniere-nour.com\/","logo":{"@type":"ImageObject","inLanguage":"ar","@id":"https:\/\/pepiniere-nour.com\/#\/schema\/logo\/image\/","url":"https:\/\/pepiniere-nour.com\/wp-content\/uploads\/2024\/03\/Remove-bg.ai_1709804773648.png","contentUrl":"https:\/\/pepiniere-nour.com\/wp-content\/uploads\/2024\/03\/Remove-bg.ai_1709804773648.png","width":1199,"height":1199,"caption":"P\u00c9PINIERE NOUR DU CENTRE"},"image":{"@id":"https:\/\/pepiniere-nour.com\/#\/schema\/logo\/image\/"}}]}},"_links":{"self":[{"href":"http:\/\/pepiniere-nour.com\/ar\/wp-json\/wp\/v2\/product\/1021","targetHints":{"allow":["GET"]}}],"collection":[{"href":"http:\/\/pepiniere-nour.com\/ar\/wp-json\/wp\/v2\/product"}],"about":[{"href":"http:\/\/pepiniere-nour.com\/ar\/wp-json\/wp\/v2\/types\/product"}],"wp:featuredmedia":[{"embeddable":true,"href":"http:\/\/pepiniere-nour.com\/ar\/wp-json\/wp\/v2\/media\/2549"}],"wp:attachment":[{"href":"http:\/\/pepiniere-nour.com\/ar\/wp-json\/wp\/v2\/media?parent=1021"}],"wp:term":[{"taxonomy":"product_brand","embeddable":true,"href":"http:\/\/pepiniere-nour.com\/ar\/wp-json\/wp\/v2\/product_brand?post=1021"},{"taxonomy":"product_cat","embeddable":true,"href":"http:\/\/pepiniere-nour.com\/ar\/wp-json\/wp\/v2\/product_cat?post=1021"},{"taxonomy":"product_tag","embeddable":true,"href":"http:\/\/pepiniere-nour.com\/ar\/wp-json\/wp\/v2\/product_tag?post=1021"}],"curies":[{"name":"wp","href":"https:\/\/api.w.org\/{rel}","templated":true}]}}