{"id":1013,"date":"2024-03-20T23:00:42","date_gmt":"2024-03-20T23:00:42","guid":{"rendered":"https:\/\/pepiniere-nour.com\/?post_type=product&#038;p=1013"},"modified":"2024-05-20T22:21:15","modified_gmt":"2024-05-20T22:21:15","slug":"williams","status":"publish","type":"product","link":"http:\/\/pepiniere-nour.com\/ar\/product\/williams","title":{"rendered":"\u0648\u064a\u0644\u064a\u0627\u0645\u0632"},"content":{"rendered":"","protected":false},"excerpt":{"rendered":"<p><strong>Vigueur de l&rsquo;Arbre :<\/strong><\/p>\n<p>\u064a\u062a\u0645\u064a\u0632 \u0648\u064a\u0644\u064a\u0627\u0645\u0632 \u0628\u0642\u0648\u0629 \u0642\u0648\u064a\u0629 \u0625\u0644\u0649 \u0645\u062a\u0648\u0633\u0637\u0629\u060c\u0645\u0627 \u064a\u0636\u0645\u0646 \u0646\u0645\u0648\u064b\u0627 \u0642\u0648\u064a\u064b\u0627 \u0648\u0645\u062a\u0648\u0627\u0632\u0646\u064b\u0627. \u0647\u0630\u0647 \u0627\u0644\u062e\u0627\u0635\u064a\u0629 \u062a\u062c\u0639\u0644\u0647\u0627 \u0634\u062c\u0631\u0629 \u0645\u0648\u062b\u0648\u0642\u0629 \u0644\u0644\u0625\u0646\u062a\u0627\u062c \u0627\u0644\u0645\u0633\u062a\u0645\u0631.<\/p>\n<p><strong>\u0645\u0638\u0647\u0631 \u0627\u0644\u062b\u0645\u0631\u0629 :<\/strong><\/p>\n<p>\u062a\u062a\u0645\u064a\u0632 \u062b\u0645\u0627\u0631 \u0648\u064a\u0644\u064a\u0627\u0645\u0632 \u0628\u0644\u0648\u0646 \u0623\u0635\u0641\u0631 \u062c\u0630\u0627\u0628 \u0648\u0634\u0643\u0644 \u0628\u064a\u0636\u0627\u0648\u064a \u0623\u0648 \u0645\u0633\u062a\u0637\u064a\u0644 \u063a\u064a\u0631 \u0645\u0646\u062a\u0638\u0645. \u0645\u0639 \u062d\u062c\u0645 \u0645\u062a\u0648\u0633\u0637 \u200b\u200b\u0625\u0644\u0649 \u0643\u0628\u064a\u0631\u060c \u0641\u0625\u0646\u0647\u0627 \u062a\u0623\u0633\u0631 \u0628\u0645\u0638\u0647\u0631\u0647\u0627 \u0627\u0644\u0633\u062e\u064a \u0648\u0627\u0644\u0634\u0647\u064a.<\/p>\n<p><strong>\u062c\u0648\u062f\u0629 \u0637\u0639\u0645 \u0627\u0633\u062a\u062b\u0646\u0627\u0626\u064a\u0629 :<\/strong><\/p>\n<p>\u064a\u062a\u0645\u064a\u0632 \u0648\u064a\u0644\u064a\u0627\u0645\u0632 \u0628\u0645\u0630\u0627\u0642\u0647 \u0627\u0644\u062d\u0644\u0648 \u0648\u0627\u0644\u0644\u0630\u064a\u0630 \u0644\u0644\u063a\u0627\u064a\u0629\u060c \u0648\u0647\u0648 \u0639\u0644\u0627\u062c \u062d\u0642\u064a\u0642\u064a \u0644\u0628\u0631\u0627\u0639\u0645 \u0627\u0644\u062a\u0630\u0648\u0642\u060c \u062d\u064a\u062b \u064a\u0642\u062f\u0645 \u062a\u062c\u0631\u0628\u0629 \u062a\u0630\u0648\u0642 \u0644\u0627 \u062a\u064f\u0646\u0633\u0649 \u0645\u0639 \u0643\u0644 \u0642\u0636\u0645\u0629.<\/p>","protected":false},"featured_media":2558,"template":"","meta":{"_acf_changed":false},"product_brand":[],"product_cat":[55],"product_tag":[24,35,25,26,27],"class_list":{"0":"post-1013","1":"product","2":"type-product","3":"status-publish","4":"has-post-thumbnail","6":"product_cat-plants-de-poiriers","7":"product_tag-equipment","8":"product_tag-etranger","9":"product_tag-garden","10":"product_tag-plants","11":"product_tag-tools","13":"first","14":"instock","15":"shipping-taxable","16":"purchasable","17":"product-type-simple"},"acf":[],"yoast_head":"<!-- This site is optimized with the Yoast SEO plugin v25.5 - https:\/\/yoast.com\/wordpress\/plugins\/seo\/ -->\n<title>Williams - P\u00c9PINIERE NOUR DU CENTRE<\/title>\n<meta name=\"robots\" content=\"index, follow, max-snippet:-1, max-image-preview:large, max-video-preview:-1\" \/>\n<link rel=\"canonical\" href=\"http:\/\/pepiniere-nour.com\/ar\/product\/williams\/\" \/>\n<meta property=\"og:locale\" content=\"ar_AR\" \/>\n<meta property=\"og:type\" content=\"article\" \/>\n<meta property=\"og:title\" content=\"Williams - P\u00c9PINIERE NOUR DU CENTRE\" \/>\n<meta property=\"og:description\" content=\"Vigueur de l&#039;Arbre :  Le Williams se caract\u00e9rise par une vigueur allant de forte \u00e0 moyenne, offrant une croissance robuste et bien \u00e9quilibr\u00e9e. Cette caract\u00e9ristique en fait un arbre fiable pour une production constante.  Aspect du Fruit :  Les fruits du Williams arborent une couleur jaune attrayante et une forme ovo\u00efde ou oblongue peu r\u00e9guli\u00e8re. Avec un calibre moyen \u00e0 volumineux, ils captivent par leur allure g\u00e9n\u00e9reuse et app\u00e9tissante.  Qualit\u00e9 Gustative Exceptionnelle :  Reconnaissable par son go\u00fbt tr\u00e8s sucr\u00e9 et d\u00e9licieux, le Williams est une v\u00e9ritable friandise pour les papilles, offrant une exp\u00e9rience gustative inoubliable \u00e0 chaque bouch\u00e9e.\" \/>\n<meta property=\"og:url\" content=\"http:\/\/pepiniere-nour.com\/ar\/product\/williams\/\" \/>\n<meta property=\"og:site_name\" content=\"P\u00c9PINIERE NOUR DU CENTRE\" \/>\n<meta property=\"article:modified_time\" content=\"2024-05-20T22:21:15+00:00\" \/>\n<meta property=\"og:image\" content=\"https:\/\/pepiniere-nour.com\/wp-content\/uploads\/2024\/03\/plants-de-poiriers-williams-2.jpg\" \/>\n\t<meta property=\"og:image:width\" content=\"569\" \/>\n\t<meta property=\"og:image:height\" content=\"380\" \/>\n\t<meta property=\"og:image:type\" content=\"image\/jpeg\" \/>\n<meta name=\"twitter:card\" content=\"summary_large_image\" \/>\n<meta name=\"twitter:label1\" content=\"\u0648\u0642\u062a \u0627\u0644\u0642\u0631\u0627\u0621\u0629 \u0627\u0644\u0645\u064f\u0642\u062f\u0651\u0631\" \/>\n\t<meta name=\"twitter:data1\" content=\"\u062f\u0642\u064a\u0642\u0629 \u0648\u0627\u062d\u062f\u0629\" \/>\n<script type=\"application\/ld+json\" class=\"yoast-schema-graph\">{\"@context\":\"https:\/\/schema.org\",\"@graph\":[{\"@type\":\"WebPage\",\"@id\":\"https:\/\/pepiniere-nour.com\/produit\/williams\",\"url\":\"https:\/\/pepiniere-nour.com\/produit\/williams\",\"name\":\"Williams - P\u00c9PINIERE NOUR DU CENTRE\",\"isPartOf\":{\"@id\":\"https:\/\/pepiniere-nour.com\/#website\"},\"primaryImageOfPage\":{\"@id\":\"https:\/\/pepiniere-nour.com\/produit\/williams#primaryimage\"},\"image\":{\"@id\":\"https:\/\/pepiniere-nour.com\/produit\/williams#primaryimage\"},\"thumbnailUrl\":\"https:\/\/pepiniere-nour.com\/wp-content\/uploads\/2024\/03\/plants-de-poiriers-williams-2.jpg\",\"datePublished\":\"2024-03-20T23:00:42+00:00\",\"dateModified\":\"2024-05-20T22:21:15+00:00\",\"breadcrumb\":{\"@id\":\"https:\/\/pepiniere-nour.com\/produit\/williams#breadcrumb\"},\"inLanguage\":\"ar\",\"potentialAction\":[{\"@type\":\"ReadAction\",\"target\":[\"https:\/\/pepiniere-nour.com\/produit\/williams\"]}]},{\"@type\":\"ImageObject\",\"inLanguage\":\"ar\",\"@id\":\"https:\/\/pepiniere-nour.com\/produit\/williams#primaryimage\",\"url\":\"https:\/\/pepiniere-nour.com\/wp-content\/uploads\/2024\/03\/plants-de-poiriers-williams-2.jpg\",\"contentUrl\":\"https:\/\/pepiniere-nour.com\/wp-content\/uploads\/2024\/03\/plants-de-poiriers-williams-2.jpg\",\"width\":569,\"height\":380,\"caption\":\"plants de poiriers williams\"},{\"@type\":\"BreadcrumbList\",\"@id\":\"https:\/\/pepiniere-nour.com\/produit\/williams#breadcrumb\",\"itemListElement\":[{\"@type\":\"ListItem\",\"position\":1,\"name\":\"Accueil\",\"item\":\"https:\/\/pepiniere-nour.com\/\"},{\"@type\":\"ListItem\",\"position\":2,\"name\":\"Boutique\",\"item\":\"https:\/\/pepiniere-nour.com\/boutique\"},{\"@type\":\"ListItem\",\"position\":3,\"name\":\"Williams\"}]},{\"@type\":\"WebSite\",\"@id\":\"https:\/\/pepiniere-nour.com\/#website\",\"url\":\"https:\/\/pepiniere-nour.com\/\",\"name\":\"P\u00c9PINIERE NOUR DU CENTRE\",\"description\":\"P\u00c9PINIERE NOUR DU CENTRE\",\"publisher\":{\"@id\":\"https:\/\/pepiniere-nour.com\/#organization\"},\"potentialAction\":[{\"@type\":\"SearchAction\",\"target\":{\"@type\":\"EntryPoint\",\"urlTemplate\":\"https:\/\/pepiniere-nour.com\/?s={search_term_string}\"},\"query-input\":{\"@type\":\"PropertyValueSpecification\",\"valueRequired\":true,\"valueName\":\"search_term_string\"}}],\"inLanguage\":\"ar\"},{\"@type\":\"Organization\",\"@id\":\"https:\/\/pepiniere-nour.com\/#organization\",\"name\":\"P\u00c9PINIERE NOUR DU CENTRE\",\"url\":\"https:\/\/pepiniere-nour.com\/\",\"logo\":{\"@type\":\"ImageObject\",\"inLanguage\":\"ar\",\"@id\":\"https:\/\/pepiniere-nour.com\/#\/schema\/logo\/image\/\",\"url\":\"https:\/\/pepiniere-nour.com\/wp-content\/uploads\/2024\/03\/Remove-bg.ai_1709804773648.png\",\"contentUrl\":\"https:\/\/pepiniere-nour.com\/wp-content\/uploads\/2024\/03\/Remove-bg.ai_1709804773648.png\",\"width\":1199,\"height\":1199,\"caption\":\"P\u00c9PINIERE NOUR DU CENTRE\"},\"image\":{\"@id\":\"https:\/\/pepiniere-nour.com\/#\/schema\/logo\/image\/\"}}]}<\/script>\n<!-- \/ Yoast SEO plugin. -->","yoast_head_json":{"title":"Williams - P\u00c9PINIERE NOUR DU CENTRE","robots":{"index":"index","follow":"follow","max-snippet":"max-snippet:-1","max-image-preview":"max-image-preview:large","max-video-preview":"max-video-preview:-1"},"canonical":"http:\/\/pepiniere-nour.com\/ar\/product\/williams\/","og_locale":"ar_AR","og_type":"article","og_title":"Williams - P\u00c9PINIERE NOUR DU CENTRE","og_description":"Vigueur de l'Arbre :  Le Williams se caract\u00e9rise par une vigueur allant de forte \u00e0 moyenne, offrant une croissance robuste et bien \u00e9quilibr\u00e9e. Cette caract\u00e9ristique en fait un arbre fiable pour une production constante.  Aspect du Fruit :  Les fruits du Williams arborent une couleur jaune attrayante et une forme ovo\u00efde ou oblongue peu r\u00e9guli\u00e8re. Avec un calibre moyen \u00e0 volumineux, ils captivent par leur allure g\u00e9n\u00e9reuse et app\u00e9tissante.  Qualit\u00e9 Gustative Exceptionnelle :  Reconnaissable par son go\u00fbt tr\u00e8s sucr\u00e9 et d\u00e9licieux, le Williams est une v\u00e9ritable friandise pour les papilles, offrant une exp\u00e9rience gustative inoubliable \u00e0 chaque bouch\u00e9e.","og_url":"http:\/\/pepiniere-nour.com\/ar\/product\/williams\/","og_site_name":"P\u00c9PINIERE NOUR DU CENTRE","article_modified_time":"2024-05-20T22:21:15+00:00","og_image":[{"width":569,"height":380,"url":"https:\/\/pepiniere-nour.com\/wp-content\/uploads\/2024\/03\/plants-de-poiriers-williams-2.jpg","type":"image\/jpeg"}],"twitter_card":"summary_large_image","twitter_misc":{"\u0648\u0642\u062a \u0627\u0644\u0642\u0631\u0627\u0621\u0629 \u0627\u0644\u0645\u064f\u0642\u062f\u0651\u0631":"\u062f\u0642\u064a\u0642\u0629 \u0648\u0627\u062d\u062f\u0629"},"schema":{"@context":"https:\/\/schema.org","@graph":[{"@type":"WebPage","@id":"https:\/\/pepiniere-nour.com\/produit\/williams","url":"https:\/\/pepiniere-nour.com\/produit\/williams","name":"Williams - P\u00c9PINIERE NOUR DU CENTRE","isPartOf":{"@id":"https:\/\/pepiniere-nour.com\/#website"},"primaryImageOfPage":{"@id":"https:\/\/pepiniere-nour.com\/produit\/williams#primaryimage"},"image":{"@id":"https:\/\/pepiniere-nour.com\/produit\/williams#primaryimage"},"thumbnailUrl":"https:\/\/pepiniere-nour.com\/wp-content\/uploads\/2024\/03\/plants-de-poiriers-williams-2.jpg","datePublished":"2024-03-20T23:00:42+00:00","dateModified":"2024-05-20T22:21:15+00:00","breadcrumb":{"@id":"https:\/\/pepiniere-nour.com\/produit\/williams#breadcrumb"},"inLanguage":"ar","potentialAction":[{"@type":"ReadAction","target":["https:\/\/pepiniere-nour.com\/produit\/williams"]}]},{"@type":"ImageObject","inLanguage":"ar","@id":"https:\/\/pepiniere-nour.com\/produit\/williams#primaryimage","url":"https:\/\/pepiniere-nour.com\/wp-content\/uploads\/2024\/03\/plants-de-poiriers-williams-2.jpg","contentUrl":"https:\/\/pepiniere-nour.com\/wp-content\/uploads\/2024\/03\/plants-de-poiriers-williams-2.jpg","width":569,"height":380,"caption":"plants de poiriers williams"},{"@type":"BreadcrumbList","@id":"https:\/\/pepiniere-nour.com\/produit\/williams#breadcrumb","itemListElement":[{"@type":"ListItem","position":1,"name":"Accueil","item":"https:\/\/pepiniere-nour.com\/"},{"@type":"ListItem","position":2,"name":"Boutique","item":"https:\/\/pepiniere-nour.com\/boutique"},{"@type":"ListItem","position":3,"name":"Williams"}]},{"@type":"WebSite","@id":"https:\/\/pepiniere-nour.com\/#website","url":"https:\/\/pepiniere-nour.com\/","name":"P\u00c9PINIERE NOUR DU CENTRE","description":"P\u00c9PINIERE NOUR DU CENTRE","publisher":{"@id":"https:\/\/pepiniere-nour.com\/#organization"},"potentialAction":[{"@type":"SearchAction","target":{"@type":"EntryPoint","urlTemplate":"https:\/\/pepiniere-nour.com\/?s={search_term_string}"},"query-input":{"@type":"PropertyValueSpecification","valueRequired":true,"valueName":"search_term_string"}}],"inLanguage":"ar"},{"@type":"Organization","@id":"https:\/\/pepiniere-nour.com\/#organization","name":"P\u00c9PINIERE NOUR DU CENTRE","url":"https:\/\/pepiniere-nour.com\/","logo":{"@type":"ImageObject","inLanguage":"ar","@id":"https:\/\/pepiniere-nour.com\/#\/schema\/logo\/image\/","url":"https:\/\/pepiniere-nour.com\/wp-content\/uploads\/2024\/03\/Remove-bg.ai_1709804773648.png","contentUrl":"https:\/\/pepiniere-nour.com\/wp-content\/uploads\/2024\/03\/Remove-bg.ai_1709804773648.png","width":1199,"height":1199,"caption":"P\u00c9PINIERE NOUR DU CENTRE"},"image":{"@id":"https:\/\/pepiniere-nour.com\/#\/schema\/logo\/image\/"}}]}},"_links":{"self":[{"href":"http:\/\/pepiniere-nour.com\/ar\/wp-json\/wp\/v2\/product\/1013","targetHints":{"allow":["GET"]}}],"collection":[{"href":"http:\/\/pepiniere-nour.com\/ar\/wp-json\/wp\/v2\/product"}],"about":[{"href":"http:\/\/pepiniere-nour.com\/ar\/wp-json\/wp\/v2\/types\/product"}],"wp:featuredmedia":[{"embeddable":true,"href":"http:\/\/pepiniere-nour.com\/ar\/wp-json\/wp\/v2\/media\/2558"}],"wp:attachment":[{"href":"http:\/\/pepiniere-nour.com\/ar\/wp-json\/wp\/v2\/media?parent=1013"}],"wp:term":[{"taxonomy":"product_brand","embeddable":true,"href":"http:\/\/pepiniere-nour.com\/ar\/wp-json\/wp\/v2\/product_brand?post=1013"},{"taxonomy":"product_cat","embeddable":true,"href":"http:\/\/pepiniere-nour.com\/ar\/wp-json\/wp\/v2\/product_cat?post=1013"},{"taxonomy":"product_tag","embeddable":true,"href":"http:\/\/pepiniere-nour.com\/ar\/wp-json\/wp\/v2\/product_tag?post=1013"}],"curies":[{"name":"wp","href":"https:\/\/api.w.org\/{rel}","templated":true}]}}