{"id":1012,"date":"2024-03-20T23:00:34","date_gmt":"2024-03-20T23:00:34","guid":{"rendered":"https:\/\/pepiniere-nour.com\/?post_type=product&#038;p=1012"},"modified":"2024-05-20T22:21:22","modified_gmt":"2024-05-20T22:21:22","slug":"golden","status":"publish","type":"product","link":"http:\/\/pepiniere-nour.com\/ar\/product\/golden","title":{"rendered":"\u06a8\u0644\u062f\u0648\u0646"},"content":{"rendered":"","protected":false},"excerpt":{"rendered":"<p><strong>\u0627\u0644\u0646\u0634\u0627\u0637 \u0648\u0627\u0644\u0625\u0646\u062a\u0627\u062c\u064a\u0629:<\/strong><\/p>\n<p>Avec une vigueur moyenne \u00e0 bonne, le pommier Golden Delicious offre une croissance solide et r\u00e9guli\u00e8re. Sa production tr\u00e8s productive en fait un choix privil\u00e9gi\u00e9 pour les agriculteurs soucieux d&rsquo;obtenir des rendements \u00e9lev\u00e9s.<\/p>\n<p><strong>\u0645\u0638\u0647\u0631 \u0627\u0644\u0641\u0627\u0643\u0647\u0629 \u0648 \u0646\u0643\u0647\u062a\u0647\u0627:<\/strong><\/p>\n<p>\u064a\u062a\u0645\u064a\u0632 \u0627\u0644\u062a\u0641\u0627\u062d \u0645\u0646 \u0647\u0630\u0627 \u0627\u0644\u0635\u0646\u0641 \u0628\u0645\u0638\u0647\u0631\u0647 \u0627\u0644\u0646\u0627\u0639\u0645 \u0648\u0645\u0644\u0645\u0633\u0647 \u0627\u0644\u0645\u0642\u0631\u0645\u0634 \u0648\u0639\u0635\u0627\u0631\u062a\u0647 \u0627\u0644\u0645\u0646\u0639\u0634\u0629. \u062a\u0648\u0627\u0632\u0646\u0647\u0627 \u0627\u0644\u0645\u062b\u0627\u0644\u064a \u0628\u064a\u0646 \u0627\u0644\u0631\u0627\u0626\u062d\u0629 \u0648\u0627\u0644\u0633\u0643\u0631 \u0648\u0627\u0644\u062d\u0645\u0648\u0636\u0629 \u064a\u062c\u0639\u0644\u0647\u0627 \u062b\u0645\u0631\u0629 \u062a\u062d\u0638\u0649 \u0628\u062a\u0642\u062f\u064a\u0631 \u0627\u0644\u0645\u0633\u062a\u0647\u0644\u0643\u064a\u0646 \u0627\u0644\u0623\u0643\u062b\u0631 \u062a\u0637\u0644\u0628\u064b\u0627.<\/p>\n<p><strong>\u0627\u0644\u062d\u0641\u0638 \u0648\u0645\u062f\u0629 \u0627\u0644\u0635\u0644\u0627\u062d\u064a\u0629:<\/strong><\/p>\n<p>Gr\u00e2ce \u00e0 sa capacit\u00e9 de conservation, le Golden Delicious peut \u00eatre conserv\u00e9 jusqu&rsquo;en f\u00e9vrier dans des conditions normales de froid et jusqu&rsquo;\u00e0 juin ou juillet en atmosph\u00e8re contr\u00f4l\u00e9e, assurant ainsi une disponibilit\u00e9 prolong\u00e9e sur le march\u00e9.<\/p>","protected":false},"featured_media":2559,"template":"","meta":{"_acf_changed":false},"product_brand":[],"product_cat":[54],"product_tag":[24,35,25,26,27],"class_list":{"0":"post-1012","1":"product","2":"type-product","3":"status-publish","4":"has-post-thumbnail","6":"product_cat-plants-de-pommier","7":"product_tag-equipment","8":"product_tag-etranger","9":"product_tag-garden","10":"product_tag-plants","11":"product_tag-tools","13":"first","14":"instock","15":"shipping-taxable","16":"purchasable","17":"product-type-simple"},"acf":[],"yoast_head":"<!-- This site is optimized with the Yoast SEO plugin v25.5 - https:\/\/yoast.com\/wordpress\/plugins\/seo\/ -->\n<title>Golden - P\u00c9PINIERE NOUR DU CENTRE<\/title>\n<meta name=\"robots\" content=\"index, follow, max-snippet:-1, max-image-preview:large, max-video-preview:-1\" \/>\n<link rel=\"canonical\" href=\"http:\/\/pepiniere-nour.com\/ar\/product\/golden\/\" \/>\n<meta property=\"og:locale\" content=\"ar_AR\" \/>\n<meta property=\"og:type\" content=\"article\" \/>\n<meta property=\"og:title\" content=\"Golden - P\u00c9PINIERE NOUR DU CENTRE\" \/>\n<meta property=\"og:description\" content=\"Vigueur et Productivit\u00e9 :  Avec une vigueur moyenne \u00e0 bonne, le pommier Golden Delicious offre une croissance solide et r\u00e9guli\u00e8re. Sa production tr\u00e8s productive en fait un choix privil\u00e9gi\u00e9 pour les agriculteurs soucieux d&#039;obtenir des rendements \u00e9lev\u00e9s.  Aspect et Saveur du Fruit :  Les pommes de cette vari\u00e9t\u00e9 se distinguent par leur aspect lisse, leur texture croquante et leur jutosit\u00e9 rafra\u00eechissante. Leur \u00e9quilibre parfait entre ar\u00f4me, sucre et acidit\u00e9 en fait un fruit appr\u00e9ci\u00e9 des consommateurs les plus exigeants.  Conservation et Dur\u00e9e de Vie :  Gr\u00e2ce \u00e0 sa capacit\u00e9 de conservation, le Golden Delicious peut \u00eatre conserv\u00e9 jusqu&#039;en f\u00e9vrier dans des conditions normales de froid et jusqu&#039;\u00e0 juin ou juillet en atmosph\u00e8re contr\u00f4l\u00e9e, assurant ainsi une disponibilit\u00e9 prolong\u00e9e sur le march\u00e9.\" \/>\n<meta property=\"og:url\" content=\"http:\/\/pepiniere-nour.com\/ar\/product\/golden\/\" \/>\n<meta property=\"og:site_name\" content=\"P\u00c9PINIERE NOUR DU CENTRE\" \/>\n<meta property=\"article:modified_time\" content=\"2024-05-20T22:21:22+00:00\" \/>\n<meta property=\"og:image\" content=\"https:\/\/pepiniere-nour.com\/wp-content\/uploads\/2024\/03\/Plants-de-pommier-golden.jpg\" \/>\n\t<meta property=\"og:image:width\" content=\"570\" \/>\n\t<meta property=\"og:image:height\" content=\"380\" \/>\n\t<meta property=\"og:image:type\" content=\"image\/jpeg\" \/>\n<meta name=\"twitter:card\" content=\"summary_large_image\" \/>\n<meta name=\"twitter:label1\" content=\"\u0648\u0642\u062a \u0627\u0644\u0642\u0631\u0627\u0621\u0629 \u0627\u0644\u0645\u064f\u0642\u062f\u0651\u0631\" \/>\n\t<meta name=\"twitter:data1\" content=\"\u062f\u0642\u064a\u0642\u0629 \u0648\u0627\u062d\u062f\u0629\" \/>\n<script type=\"application\/ld+json\" class=\"yoast-schema-graph\">{\"@context\":\"https:\/\/schema.org\",\"@graph\":[{\"@type\":\"WebPage\",\"@id\":\"https:\/\/pepiniere-nour.com\/produit\/golden\",\"url\":\"https:\/\/pepiniere-nour.com\/produit\/golden\",\"name\":\"Golden - P\u00c9PINIERE NOUR DU CENTRE\",\"isPartOf\":{\"@id\":\"https:\/\/pepiniere-nour.com\/#website\"},\"primaryImageOfPage\":{\"@id\":\"https:\/\/pepiniere-nour.com\/produit\/golden#primaryimage\"},\"image\":{\"@id\":\"https:\/\/pepiniere-nour.com\/produit\/golden#primaryimage\"},\"thumbnailUrl\":\"https:\/\/pepiniere-nour.com\/wp-content\/uploads\/2024\/03\/Plants-de-pommier-golden.jpg\",\"datePublished\":\"2024-03-20T23:00:34+00:00\",\"dateModified\":\"2024-05-20T22:21:22+00:00\",\"breadcrumb\":{\"@id\":\"https:\/\/pepiniere-nour.com\/produit\/golden#breadcrumb\"},\"inLanguage\":\"ar\",\"potentialAction\":[{\"@type\":\"ReadAction\",\"target\":[\"https:\/\/pepiniere-nour.com\/produit\/golden\"]}]},{\"@type\":\"ImageObject\",\"inLanguage\":\"ar\",\"@id\":\"https:\/\/pepiniere-nour.com\/produit\/golden#primaryimage\",\"url\":\"https:\/\/pepiniere-nour.com\/wp-content\/uploads\/2024\/03\/Plants-de-pommier-golden.jpg\",\"contentUrl\":\"https:\/\/pepiniere-nour.com\/wp-content\/uploads\/2024\/03\/Plants-de-pommier-golden.jpg\",\"width\":570,\"height\":380,\"caption\":\"Plants de pommier golden\"},{\"@type\":\"BreadcrumbList\",\"@id\":\"https:\/\/pepiniere-nour.com\/produit\/golden#breadcrumb\",\"itemListElement\":[{\"@type\":\"ListItem\",\"position\":1,\"name\":\"Accueil\",\"item\":\"https:\/\/pepiniere-nour.com\/\"},{\"@type\":\"ListItem\",\"position\":2,\"name\":\"Boutique\",\"item\":\"https:\/\/pepiniere-nour.com\/boutique\"},{\"@type\":\"ListItem\",\"position\":3,\"name\":\"Golden\"}]},{\"@type\":\"WebSite\",\"@id\":\"https:\/\/pepiniere-nour.com\/#website\",\"url\":\"https:\/\/pepiniere-nour.com\/\",\"name\":\"P\u00c9PINIERE NOUR DU CENTRE\",\"description\":\"P\u00c9PINIERE NOUR DU CENTRE\",\"publisher\":{\"@id\":\"https:\/\/pepiniere-nour.com\/#organization\"},\"potentialAction\":[{\"@type\":\"SearchAction\",\"target\":{\"@type\":\"EntryPoint\",\"urlTemplate\":\"https:\/\/pepiniere-nour.com\/?s={search_term_string}\"},\"query-input\":{\"@type\":\"PropertyValueSpecification\",\"valueRequired\":true,\"valueName\":\"search_term_string\"}}],\"inLanguage\":\"ar\"},{\"@type\":\"Organization\",\"@id\":\"https:\/\/pepiniere-nour.com\/#organization\",\"name\":\"P\u00c9PINIERE NOUR DU CENTRE\",\"url\":\"https:\/\/pepiniere-nour.com\/\",\"logo\":{\"@type\":\"ImageObject\",\"inLanguage\":\"ar\",\"@id\":\"https:\/\/pepiniere-nour.com\/#\/schema\/logo\/image\/\",\"url\":\"https:\/\/pepiniere-nour.com\/wp-content\/uploads\/2024\/03\/Remove-bg.ai_1709804773648.png\",\"contentUrl\":\"https:\/\/pepiniere-nour.com\/wp-content\/uploads\/2024\/03\/Remove-bg.ai_1709804773648.png\",\"width\":1199,\"height\":1199,\"caption\":\"P\u00c9PINIERE NOUR DU CENTRE\"},\"image\":{\"@id\":\"https:\/\/pepiniere-nour.com\/#\/schema\/logo\/image\/\"}}]}<\/script>\n<!-- \/ Yoast SEO plugin. -->","yoast_head_json":{"title":"Golden - P\u00c9PINIERE NOUR DU CENTRE","robots":{"index":"index","follow":"follow","max-snippet":"max-snippet:-1","max-image-preview":"max-image-preview:large","max-video-preview":"max-video-preview:-1"},"canonical":"http:\/\/pepiniere-nour.com\/ar\/product\/golden\/","og_locale":"ar_AR","og_type":"article","og_title":"Golden - P\u00c9PINIERE NOUR DU CENTRE","og_description":"Vigueur et Productivit\u00e9 :  Avec une vigueur moyenne \u00e0 bonne, le pommier Golden Delicious offre une croissance solide et r\u00e9guli\u00e8re. Sa production tr\u00e8s productive en fait un choix privil\u00e9gi\u00e9 pour les agriculteurs soucieux d'obtenir des rendements \u00e9lev\u00e9s.  Aspect et Saveur du Fruit :  Les pommes de cette vari\u00e9t\u00e9 se distinguent par leur aspect lisse, leur texture croquante et leur jutosit\u00e9 rafra\u00eechissante. Leur \u00e9quilibre parfait entre ar\u00f4me, sucre et acidit\u00e9 en fait un fruit appr\u00e9ci\u00e9 des consommateurs les plus exigeants.  Conservation et Dur\u00e9e de Vie :  Gr\u00e2ce \u00e0 sa capacit\u00e9 de conservation, le Golden Delicious peut \u00eatre conserv\u00e9 jusqu'en f\u00e9vrier dans des conditions normales de froid et jusqu'\u00e0 juin ou juillet en atmosph\u00e8re contr\u00f4l\u00e9e, assurant ainsi une disponibilit\u00e9 prolong\u00e9e sur le march\u00e9.","og_url":"http:\/\/pepiniere-nour.com\/ar\/product\/golden\/","og_site_name":"P\u00c9PINIERE NOUR DU CENTRE","article_modified_time":"2024-05-20T22:21:22+00:00","og_image":[{"width":570,"height":380,"url":"https:\/\/pepiniere-nour.com\/wp-content\/uploads\/2024\/03\/Plants-de-pommier-golden.jpg","type":"image\/jpeg"}],"twitter_card":"summary_large_image","twitter_misc":{"\u0648\u0642\u062a \u0627\u0644\u0642\u0631\u0627\u0621\u0629 \u0627\u0644\u0645\u064f\u0642\u062f\u0651\u0631":"\u062f\u0642\u064a\u0642\u0629 \u0648\u0627\u062d\u062f\u0629"},"schema":{"@context":"https:\/\/schema.org","@graph":[{"@type":"WebPage","@id":"https:\/\/pepiniere-nour.com\/produit\/golden","url":"https:\/\/pepiniere-nour.com\/produit\/golden","name":"Golden - P\u00c9PINIERE NOUR DU CENTRE","isPartOf":{"@id":"https:\/\/pepiniere-nour.com\/#website"},"primaryImageOfPage":{"@id":"https:\/\/pepiniere-nour.com\/produit\/golden#primaryimage"},"image":{"@id":"https:\/\/pepiniere-nour.com\/produit\/golden#primaryimage"},"thumbnailUrl":"https:\/\/pepiniere-nour.com\/wp-content\/uploads\/2024\/03\/Plants-de-pommier-golden.jpg","datePublished":"2024-03-20T23:00:34+00:00","dateModified":"2024-05-20T22:21:22+00:00","breadcrumb":{"@id":"https:\/\/pepiniere-nour.com\/produit\/golden#breadcrumb"},"inLanguage":"ar","potentialAction":[{"@type":"ReadAction","target":["https:\/\/pepiniere-nour.com\/produit\/golden"]}]},{"@type":"ImageObject","inLanguage":"ar","@id":"https:\/\/pepiniere-nour.com\/produit\/golden#primaryimage","url":"https:\/\/pepiniere-nour.com\/wp-content\/uploads\/2024\/03\/Plants-de-pommier-golden.jpg","contentUrl":"https:\/\/pepiniere-nour.com\/wp-content\/uploads\/2024\/03\/Plants-de-pommier-golden.jpg","width":570,"height":380,"caption":"Plants de pommier golden"},{"@type":"BreadcrumbList","@id":"https:\/\/pepiniere-nour.com\/produit\/golden#breadcrumb","itemListElement":[{"@type":"ListItem","position":1,"name":"Accueil","item":"https:\/\/pepiniere-nour.com\/"},{"@type":"ListItem","position":2,"name":"Boutique","item":"https:\/\/pepiniere-nour.com\/boutique"},{"@type":"ListItem","position":3,"name":"Golden"}]},{"@type":"WebSite","@id":"https:\/\/pepiniere-nour.com\/#website","url":"https:\/\/pepiniere-nour.com\/","name":"P\u00c9PINIERE NOUR DU CENTRE","description":"P\u00c9PINIERE NOUR DU CENTRE","publisher":{"@id":"https:\/\/pepiniere-nour.com\/#organization"},"potentialAction":[{"@type":"SearchAction","target":{"@type":"EntryPoint","urlTemplate":"https:\/\/pepiniere-nour.com\/?s={search_term_string}"},"query-input":{"@type":"PropertyValueSpecification","valueRequired":true,"valueName":"search_term_string"}}],"inLanguage":"ar"},{"@type":"Organization","@id":"https:\/\/pepiniere-nour.com\/#organization","name":"P\u00c9PINIERE NOUR DU CENTRE","url":"https:\/\/pepiniere-nour.com\/","logo":{"@type":"ImageObject","inLanguage":"ar","@id":"https:\/\/pepiniere-nour.com\/#\/schema\/logo\/image\/","url":"https:\/\/pepiniere-nour.com\/wp-content\/uploads\/2024\/03\/Remove-bg.ai_1709804773648.png","contentUrl":"https:\/\/pepiniere-nour.com\/wp-content\/uploads\/2024\/03\/Remove-bg.ai_1709804773648.png","width":1199,"height":1199,"caption":"P\u00c9PINIERE NOUR DU CENTRE"},"image":{"@id":"https:\/\/pepiniere-nour.com\/#\/schema\/logo\/image\/"}}]}},"_links":{"self":[{"href":"http:\/\/pepiniere-nour.com\/ar\/wp-json\/wp\/v2\/product\/1012","targetHints":{"allow":["GET"]}}],"collection":[{"href":"http:\/\/pepiniere-nour.com\/ar\/wp-json\/wp\/v2\/product"}],"about":[{"href":"http:\/\/pepiniere-nour.com\/ar\/wp-json\/wp\/v2\/types\/product"}],"wp:featuredmedia":[{"embeddable":true,"href":"http:\/\/pepiniere-nour.com\/ar\/wp-json\/wp\/v2\/media\/2559"}],"wp:attachment":[{"href":"http:\/\/pepiniere-nour.com\/ar\/wp-json\/wp\/v2\/media?parent=1012"}],"wp:term":[{"taxonomy":"product_brand","embeddable":true,"href":"http:\/\/pepiniere-nour.com\/ar\/wp-json\/wp\/v2\/product_brand?post=1012"},{"taxonomy":"product_cat","embeddable":true,"href":"http:\/\/pepiniere-nour.com\/ar\/wp-json\/wp\/v2\/product_cat?post=1012"},{"taxonomy":"product_tag","embeddable":true,"href":"http:\/\/pepiniere-nour.com\/ar\/wp-json\/wp\/v2\/product_tag?post=1012"}],"curies":[{"name":"wp","href":"https:\/\/api.w.org\/{rel}","templated":true}]}}