{"id":1007,"date":"2024-03-20T22:59:57","date_gmt":"2024-03-20T22:59:57","guid":{"rendered":"https:\/\/pepiniere-nour.com\/?post_type=product&#038;p=1007"},"modified":"2024-05-21T12:07:50","modified_gmt":"2024-05-21T12:07:50","slug":"nectarine-ronde-a-chair-jaune","status":"publish","type":"product","link":"http:\/\/pepiniere-nour.com\/ar\/product\/nectarine-ronde-a-chair-jaune","title":{"rendered":"\u0627\u0644\u0646\u0643\u062a\u0627\u0631\u064a\u0646 \u0627\u0644\u0645\u0633\u062a\u062f\u064a\u0631 \u0627\u0644\u0623\u0635\u0641\u0631"},"content":{"rendered":"","protected":false},"excerpt":{"rendered":"<p><strong>\u062e\u0635\u0627\u0626\u0635 \u0627\u0644\u0641\u0648\u0627\u0643\u0647:<\/strong><br \/>\nLa Nectarine Ronde \u00c0 Chair Jaune, est une nectarine assez tardive, produisant des fruits d&rsquo;assez gros calibre et de bonne qualit\u00e9 gustative. Originaire de Californie, elle se distingue par sa chair jaune, tr\u00e8s juteuse et fruit\u00e9e, offrant une exp\u00e9rience gustative savoureuse.<\/p>\n<p><strong>\u0627\u0644\u062a\u0632\u0647\u064a\u0631 \u0648\u0627\u0644\u0646\u0636\u062c \u0648\u0627\u0644\u062a\u0644\u0642\u064a\u062d:<\/strong><br \/>\n\u064a\u062d\u062f\u062b \u0625\u0632\u0647\u0627\u0631 \u0627\u0644\u0646\u0643\u062a\u0627\u0631\u064a\u0646 \u0630\u0648 \u0627\u0644\u0644\u062d\u0645 \u0627\u0644\u0623\u0635\u0641\u0631 \u0627\u0644\u0645\u0633\u062a\u062f\u064a\u0631 \u0641\u064a \u0623\u0628\u0631\u064a\u0644\u060c \u0645\u0645\u0627 \u064a\u0624\u062f\u064a \u0625\u0644\u0649 \u0638\u0647\u0648\u0631 \u0627\u0644\u062b\u0645\u0627\u0631 \u0627\u0644\u0646\u0627\u0636\u062c\u0629 \u0628\u064a\u0646 \u0623\u063a\u0633\u0637\u0633 \u0648\u0633\u0628\u062a\u0645\u0628\u0631. \u064a\u0645\u0643\u0646 \u0632\u0631\u0627\u0639\u0629 \u0647\u0630\u0627 \u0627\u0644\u0635\u0646\u0641 \u0630\u0648 \u0627\u0644\u062e\u0635\u0648\u0628\u0629 \u0627\u0644\u0630\u0627\u062a\u064a\u0629 \u0628\u0645\u0641\u0631\u062f\u0647 \u0648\u0644\u0627 \u064a\u062d\u062a\u0627\u062c \u0625\u0644\u0649 \u0645\u0644\u0642\u062d\u0627\u062a \u0625\u0636\u0627\u0641\u064a\u0629.<\/p>\n<p><strong>\u0627\u0644\u0645\u0642\u0627\u0648\u0645\u0629 \u0648\u0627\u0644\u0625\u0646\u062a\u0627\u062c\u064a\u0629:<\/strong><br \/>\nLa nectarine Ronde \u00e0 Chair Jaune pr\u00e9sente une r\u00e9sistance correcte aux maladies et une bonne vigueur, adapt\u00e9e \u00e0 diff\u00e9rents environnements. Avec une rusticit\u00e9 jusqu&rsquo;\u00e0 -15\u00b0C, elle est productive et offre une r\u00e9colte abondante pour le plaisir des jardiniers et des amateurs de fruits frais.<\/p>","protected":false},"featured_media":2626,"template":"","meta":{"_acf_changed":false},"product_brand":[],"product_cat":[53],"product_tag":[24,35,25,26,27],"class_list":{"0":"post-1007","1":"product","2":"type-product","3":"status-publish","4":"has-post-thumbnail","6":"product_cat-plants-de-nectarniers","7":"product_tag-equipment","8":"product_tag-etranger","9":"product_tag-garden","10":"product_tag-plants","11":"product_tag-tools","13":"first","14":"instock","15":"shipping-taxable","16":"purchasable","17":"product-type-simple"},"acf":[],"yoast_head":"<!-- This site is optimized with the Yoast SEO plugin v25.5 - https:\/\/yoast.com\/wordpress\/plugins\/seo\/ -->\n<title>Nectarine ronde \u00e0 chair jaune - P\u00c9PINIERE NOUR DU CENTRE<\/title>\n<meta name=\"robots\" content=\"index, follow, max-snippet:-1, max-image-preview:large, max-video-preview:-1\" \/>\n<link rel=\"canonical\" href=\"http:\/\/pepiniere-nour.com\/ar\/product\/nectarine-ronde-a-chair-jaune\/\" \/>\n<meta property=\"og:locale\" content=\"ar_AR\" \/>\n<meta property=\"og:type\" content=\"article\" \/>\n<meta property=\"og:title\" content=\"Nectarine ronde \u00e0 chair jaune - P\u00c9PINIERE NOUR DU CENTRE\" \/>\n<meta property=\"og:description\" content=\"Caract\u00e9ristiques des Fruits : La Nectarine Ronde \u00c0 Chair Jaune, est une nectarine assez tardive, produisant des fruits d&#039;assez gros calibre et de bonne qualit\u00e9 gustative. Originaire de Californie, elle se distingue par sa chair jaune, tr\u00e8s juteuse et fruit\u00e9e, offrant une exp\u00e9rience gustative savoureuse.  Floraison, Maturit\u00e9 et Pollinisation : La floraison de la nectarine Ronde \u00e0 Chair Jaune survient en avril, donnant naissance \u00e0 des fruits m\u00fbrs entre ao\u00fbt et septembre. Auto-fertile, cette vari\u00e9t\u00e9 peut \u00eatre cultiv\u00e9e seule et ne n\u00e9cessite pas de pollinisateur suppl\u00e9mentaire.  R\u00e9sistance et Productivit\u00e9 : La nectarine Ronde \u00e0 Chair Jaune pr\u00e9sente une r\u00e9sistance correcte aux maladies et une bonne vigueur, adapt\u00e9e \u00e0 diff\u00e9rents environnements. Avec une rusticit\u00e9 jusqu&#039;\u00e0 -15\u00b0C, elle est productive et offre une r\u00e9colte abondante pour le plaisir des jardiniers et des amateurs de fruits frais.\" \/>\n<meta property=\"og:url\" content=\"http:\/\/pepiniere-nour.com\/ar\/product\/nectarine-ronde-a-chair-jaune\/\" \/>\n<meta property=\"og:site_name\" content=\"P\u00c9PINIERE NOUR DU CENTRE\" \/>\n<meta property=\"article:modified_time\" content=\"2024-05-21T12:07:50+00:00\" \/>\n<meta property=\"og:image\" content=\"https:\/\/pepiniere-nour.com\/wp-content\/uploads\/2024\/03\/Nectarine-ronde-a-chair-jaune-1-1.jpg\" \/>\n\t<meta property=\"og:image:width\" content=\"570\" \/>\n\t<meta property=\"og:image:height\" content=\"570\" \/>\n\t<meta property=\"og:image:type\" content=\"image\/jpeg\" \/>\n<meta name=\"twitter:card\" content=\"summary_large_image\" \/>\n<meta name=\"twitter:label1\" content=\"\u0648\u0642\u062a \u0627\u0644\u0642\u0631\u0627\u0621\u0629 \u0627\u0644\u0645\u064f\u0642\u062f\u0651\u0631\" \/>\n\t<meta name=\"twitter:data1\" content=\"\u062f\u0642\u064a\u0642\u0629 \u0648\u0627\u062d\u062f\u0629\" \/>\n<script type=\"application\/ld+json\" class=\"yoast-schema-graph\">{\"@context\":\"https:\/\/schema.org\",\"@graph\":[{\"@type\":\"WebPage\",\"@id\":\"https:\/\/pepiniere-nour.com\/produit\/nectarine-ronde-a-chair-jaune\",\"url\":\"https:\/\/pepiniere-nour.com\/produit\/nectarine-ronde-a-chair-jaune\",\"name\":\"Nectarine ronde \u00e0 chair jaune - P\u00c9PINIERE NOUR DU CENTRE\",\"isPartOf\":{\"@id\":\"https:\/\/pepiniere-nour.com\/#website\"},\"primaryImageOfPage\":{\"@id\":\"https:\/\/pepiniere-nour.com\/produit\/nectarine-ronde-a-chair-jaune#primaryimage\"},\"image\":{\"@id\":\"https:\/\/pepiniere-nour.com\/produit\/nectarine-ronde-a-chair-jaune#primaryimage\"},\"thumbnailUrl\":\"https:\/\/pepiniere-nour.com\/wp-content\/uploads\/2024\/03\/Nectarine-ronde-a-chair-jaune-1-1.jpg\",\"datePublished\":\"2024-03-20T22:59:57+00:00\",\"dateModified\":\"2024-05-21T12:07:50+00:00\",\"breadcrumb\":{\"@id\":\"https:\/\/pepiniere-nour.com\/produit\/nectarine-ronde-a-chair-jaune#breadcrumb\"},\"inLanguage\":\"ar\",\"potentialAction\":[{\"@type\":\"ReadAction\",\"target\":[\"https:\/\/pepiniere-nour.com\/produit\/nectarine-ronde-a-chair-jaune\"]}]},{\"@type\":\"ImageObject\",\"inLanguage\":\"ar\",\"@id\":\"https:\/\/pepiniere-nour.com\/produit\/nectarine-ronde-a-chair-jaune#primaryimage\",\"url\":\"https:\/\/pepiniere-nour.com\/wp-content\/uploads\/2024\/03\/Nectarine-ronde-a-chair-jaune-1-1.jpg\",\"contentUrl\":\"https:\/\/pepiniere-nour.com\/wp-content\/uploads\/2024\/03\/Nectarine-ronde-a-chair-jaune-1-1.jpg\",\"width\":570,\"height\":570,\"caption\":\"Nectarine ronde \u00e0 chair jaune\"},{\"@type\":\"BreadcrumbList\",\"@id\":\"https:\/\/pepiniere-nour.com\/produit\/nectarine-ronde-a-chair-jaune#breadcrumb\",\"itemListElement\":[{\"@type\":\"ListItem\",\"position\":1,\"name\":\"Accueil\",\"item\":\"https:\/\/pepiniere-nour.com\/\"},{\"@type\":\"ListItem\",\"position\":2,\"name\":\"Boutique\",\"item\":\"https:\/\/pepiniere-nour.com\/boutique\"},{\"@type\":\"ListItem\",\"position\":3,\"name\":\"Nectarine ronde \u00e0 chair jaune\"}]},{\"@type\":\"WebSite\",\"@id\":\"https:\/\/pepiniere-nour.com\/#website\",\"url\":\"https:\/\/pepiniere-nour.com\/\",\"name\":\"P\u00c9PINIERE NOUR DU CENTRE\",\"description\":\"P\u00c9PINIERE NOUR DU CENTRE\",\"publisher\":{\"@id\":\"https:\/\/pepiniere-nour.com\/#organization\"},\"potentialAction\":[{\"@type\":\"SearchAction\",\"target\":{\"@type\":\"EntryPoint\",\"urlTemplate\":\"https:\/\/pepiniere-nour.com\/?s={search_term_string}\"},\"query-input\":{\"@type\":\"PropertyValueSpecification\",\"valueRequired\":true,\"valueName\":\"search_term_string\"}}],\"inLanguage\":\"ar\"},{\"@type\":\"Organization\",\"@id\":\"https:\/\/pepiniere-nour.com\/#organization\",\"name\":\"P\u00c9PINIERE NOUR DU CENTRE\",\"url\":\"https:\/\/pepiniere-nour.com\/\",\"logo\":{\"@type\":\"ImageObject\",\"inLanguage\":\"ar\",\"@id\":\"https:\/\/pepiniere-nour.com\/#\/schema\/logo\/image\/\",\"url\":\"https:\/\/pepiniere-nour.com\/wp-content\/uploads\/2024\/03\/Remove-bg.ai_1709804773648.png\",\"contentUrl\":\"https:\/\/pepiniere-nour.com\/wp-content\/uploads\/2024\/03\/Remove-bg.ai_1709804773648.png\",\"width\":1199,\"height\":1199,\"caption\":\"P\u00c9PINIERE NOUR DU CENTRE\"},\"image\":{\"@id\":\"https:\/\/pepiniere-nour.com\/#\/schema\/logo\/image\/\"}}]}<\/script>\n<!-- \/ Yoast SEO plugin. -->","yoast_head_json":{"title":"Nectarine ronde \u00e0 chair jaune - P\u00c9PINIERE NOUR DU CENTRE","robots":{"index":"index","follow":"follow","max-snippet":"max-snippet:-1","max-image-preview":"max-image-preview:large","max-video-preview":"max-video-preview:-1"},"canonical":"http:\/\/pepiniere-nour.com\/ar\/product\/nectarine-ronde-a-chair-jaune\/","og_locale":"ar_AR","og_type":"article","og_title":"Nectarine ronde \u00e0 chair jaune - P\u00c9PINIERE NOUR DU CENTRE","og_description":"Caract\u00e9ristiques des Fruits : La Nectarine Ronde \u00c0 Chair Jaune, est une nectarine assez tardive, produisant des fruits d'assez gros calibre et de bonne qualit\u00e9 gustative. Originaire de Californie, elle se distingue par sa chair jaune, tr\u00e8s juteuse et fruit\u00e9e, offrant une exp\u00e9rience gustative savoureuse.  Floraison, Maturit\u00e9 et Pollinisation : La floraison de la nectarine Ronde \u00e0 Chair Jaune survient en avril, donnant naissance \u00e0 des fruits m\u00fbrs entre ao\u00fbt et septembre. Auto-fertile, cette vari\u00e9t\u00e9 peut \u00eatre cultiv\u00e9e seule et ne n\u00e9cessite pas de pollinisateur suppl\u00e9mentaire.  R\u00e9sistance et Productivit\u00e9 : La nectarine Ronde \u00e0 Chair Jaune pr\u00e9sente une r\u00e9sistance correcte aux maladies et une bonne vigueur, adapt\u00e9e \u00e0 diff\u00e9rents environnements. Avec une rusticit\u00e9 jusqu'\u00e0 -15\u00b0C, elle est productive et offre une r\u00e9colte abondante pour le plaisir des jardiniers et des amateurs de fruits frais.","og_url":"http:\/\/pepiniere-nour.com\/ar\/product\/nectarine-ronde-a-chair-jaune\/","og_site_name":"P\u00c9PINIERE NOUR DU CENTRE","article_modified_time":"2024-05-21T12:07:50+00:00","og_image":[{"width":570,"height":570,"url":"https:\/\/pepiniere-nour.com\/wp-content\/uploads\/2024\/03\/Nectarine-ronde-a-chair-jaune-1-1.jpg","type":"image\/jpeg"}],"twitter_card":"summary_large_image","twitter_misc":{"\u0648\u0642\u062a \u0627\u0644\u0642\u0631\u0627\u0621\u0629 \u0627\u0644\u0645\u064f\u0642\u062f\u0651\u0631":"\u062f\u0642\u064a\u0642\u0629 \u0648\u0627\u062d\u062f\u0629"},"schema":{"@context":"https:\/\/schema.org","@graph":[{"@type":"WebPage","@id":"https:\/\/pepiniere-nour.com\/produit\/nectarine-ronde-a-chair-jaune","url":"https:\/\/pepiniere-nour.com\/produit\/nectarine-ronde-a-chair-jaune","name":"Nectarine ronde \u00e0 chair jaune - P\u00c9PINIERE NOUR DU CENTRE","isPartOf":{"@id":"https:\/\/pepiniere-nour.com\/#website"},"primaryImageOfPage":{"@id":"https:\/\/pepiniere-nour.com\/produit\/nectarine-ronde-a-chair-jaune#primaryimage"},"image":{"@id":"https:\/\/pepiniere-nour.com\/produit\/nectarine-ronde-a-chair-jaune#primaryimage"},"thumbnailUrl":"https:\/\/pepiniere-nour.com\/wp-content\/uploads\/2024\/03\/Nectarine-ronde-a-chair-jaune-1-1.jpg","datePublished":"2024-03-20T22:59:57+00:00","dateModified":"2024-05-21T12:07:50+00:00","breadcrumb":{"@id":"https:\/\/pepiniere-nour.com\/produit\/nectarine-ronde-a-chair-jaune#breadcrumb"},"inLanguage":"ar","potentialAction":[{"@type":"ReadAction","target":["https:\/\/pepiniere-nour.com\/produit\/nectarine-ronde-a-chair-jaune"]}]},{"@type":"ImageObject","inLanguage":"ar","@id":"https:\/\/pepiniere-nour.com\/produit\/nectarine-ronde-a-chair-jaune#primaryimage","url":"https:\/\/pepiniere-nour.com\/wp-content\/uploads\/2024\/03\/Nectarine-ronde-a-chair-jaune-1-1.jpg","contentUrl":"https:\/\/pepiniere-nour.com\/wp-content\/uploads\/2024\/03\/Nectarine-ronde-a-chair-jaune-1-1.jpg","width":570,"height":570,"caption":"Nectarine ronde \u00e0 chair jaune"},{"@type":"BreadcrumbList","@id":"https:\/\/pepiniere-nour.com\/produit\/nectarine-ronde-a-chair-jaune#breadcrumb","itemListElement":[{"@type":"ListItem","position":1,"name":"Accueil","item":"https:\/\/pepiniere-nour.com\/"},{"@type":"ListItem","position":2,"name":"Boutique","item":"https:\/\/pepiniere-nour.com\/boutique"},{"@type":"ListItem","position":3,"name":"Nectarine ronde \u00e0 chair jaune"}]},{"@type":"WebSite","@id":"https:\/\/pepiniere-nour.com\/#website","url":"https:\/\/pepiniere-nour.com\/","name":"P\u00c9PINIERE NOUR DU CENTRE","description":"P\u00c9PINIERE NOUR DU CENTRE","publisher":{"@id":"https:\/\/pepiniere-nour.com\/#organization"},"potentialAction":[{"@type":"SearchAction","target":{"@type":"EntryPoint","urlTemplate":"https:\/\/pepiniere-nour.com\/?s={search_term_string}"},"query-input":{"@type":"PropertyValueSpecification","valueRequired":true,"valueName":"search_term_string"}}],"inLanguage":"ar"},{"@type":"Organization","@id":"https:\/\/pepiniere-nour.com\/#organization","name":"P\u00c9PINIERE NOUR DU CENTRE","url":"https:\/\/pepiniere-nour.com\/","logo":{"@type":"ImageObject","inLanguage":"ar","@id":"https:\/\/pepiniere-nour.com\/#\/schema\/logo\/image\/","url":"https:\/\/pepiniere-nour.com\/wp-content\/uploads\/2024\/03\/Remove-bg.ai_1709804773648.png","contentUrl":"https:\/\/pepiniere-nour.com\/wp-content\/uploads\/2024\/03\/Remove-bg.ai_1709804773648.png","width":1199,"height":1199,"caption":"P\u00c9PINIERE NOUR DU CENTRE"},"image":{"@id":"https:\/\/pepiniere-nour.com\/#\/schema\/logo\/image\/"}}]}},"_links":{"self":[{"href":"http:\/\/pepiniere-nour.com\/ar\/wp-json\/wp\/v2\/product\/1007","targetHints":{"allow":["GET"]}}],"collection":[{"href":"http:\/\/pepiniere-nour.com\/ar\/wp-json\/wp\/v2\/product"}],"about":[{"href":"http:\/\/pepiniere-nour.com\/ar\/wp-json\/wp\/v2\/types\/product"}],"wp:featuredmedia":[{"embeddable":true,"href":"http:\/\/pepiniere-nour.com\/ar\/wp-json\/wp\/v2\/media\/2626"}],"wp:attachment":[{"href":"http:\/\/pepiniere-nour.com\/ar\/wp-json\/wp\/v2\/media?parent=1007"}],"wp:term":[{"taxonomy":"product_brand","embeddable":true,"href":"http:\/\/pepiniere-nour.com\/ar\/wp-json\/wp\/v2\/product_brand?post=1007"},{"taxonomy":"product_cat","embeddable":true,"href":"http:\/\/pepiniere-nour.com\/ar\/wp-json\/wp\/v2\/product_cat?post=1007"},{"taxonomy":"product_tag","embeddable":true,"href":"http:\/\/pepiniere-nour.com\/ar\/wp-json\/wp\/v2\/product_tag?post=1007"}],"curies":[{"name":"wp","href":"https:\/\/api.w.org\/{rel}","templated":true}]}}