{"id":1006,"date":"2024-03-20T22:59:49","date_gmt":"2024-03-20T22:59:49","guid":{"rendered":"https:\/\/pepiniere-nour.com\/?post_type=product&#038;p=1006"},"modified":"2024-05-20T22:22:04","modified_gmt":"2024-05-20T22:22:04","slug":"early-bomba","status":"publish","type":"product","link":"http:\/\/pepiniere-nour.com\/ar\/product\/early-bomba","title":{"rendered":"\u0625\u064a\u0631\u0644\u064a \u0628\u0648\u0645\u0628\u0627"},"content":{"rendered":"","protected":false},"excerpt":{"rendered":"<p><strong>\u0627\u0644\u0645\u062a\u0627\u0646\u0629 \u0648\u0627\u0644\u0625\u0646\u062a\u0627\u062c\u064a\u0629<\/strong><\/p>\n<p>\u064a\u062a\u0645\u064a\u0632 \u0635\u0646\u0641 \u0628\u0648\u0645\u0628\u0627 \u0627\u0644\u0645\u0628\u0643\u0631 \u0628\u0637\u0628\u064a\u0639\u062a\u0647 \u0634\u0628\u0647 \u0627\u0644\u0645\u0646\u062a\u0635\u0628\u0629\u060c \u062d\u064a\u062b \u064a\u0645\u062a\u0627\u0632 \u0628\u0647\u064a\u0643\u0644\u0647 \u0627\u0644\u0642\u0648\u064a \u0648\u0642\u0648\u062a\u0647 \u0627\u0644\u0645\u0644\u062d\u0648\u0638\u0629\u060c \u0648\u064a\u062a\u0643\u064a\u0641 \u062e\u0635\u064a\u0635\u064b\u0627 \u0645\u0639 \u0627\u0644\u0645\u0646\u0627\u062e \u0627\u0644\u062c\u0646\u0648\u0628\u064a \u0627\u0644\u062d\u0627\u0631.<\/p>\n<p><strong>\u0627\u0644\u0646\u0636\u062c \u0627\u0644\u0645\u0628\u0643\u0631 \u0648\u062a\u0648\u0627\u0632\u0646 \u0627\u0644\u0630\u0648\u0642<\/strong><\/p>\n<p>Les fruits de l&rsquo;Early Bomba atteignent leur maturit\u00e9 environ 18 jours avant la r\u00e9f\u00e9rence Big Haven, caract\u00e9risant une \u00e9poque de maturit\u00e9 pr\u00e9coce. Avec un calibre de type A et une qualit\u00e9 gustative \u00e9quilibr\u00e9e, l\u00e9g\u00e8rement acide, ils offrent une exp\u00e9rience sensorielle satisfaisante.<\/p>","protected":false},"featured_media":2627,"template":"","meta":{"_acf_changed":false},"product_brand":[],"product_cat":[53],"product_tag":[24,35,25,26,27],"class_list":{"0":"post-1006","1":"product","2":"type-product","3":"status-publish","4":"has-post-thumbnail","6":"product_cat-plants-de-nectarniers","7":"product_tag-equipment","8":"product_tag-etranger","9":"product_tag-garden","10":"product_tag-plants","11":"product_tag-tools","13":"first","14":"instock","15":"shipping-taxable","16":"purchasable","17":"product-type-simple"},"acf":[],"yoast_head":"<!-- This site is optimized with the Yoast SEO plugin v25.5 - https:\/\/yoast.com\/wordpress\/plugins\/seo\/ -->\n<title>Early Bomba - P\u00c9PINIERE NOUR DU CENTRE<\/title>\n<meta name=\"robots\" content=\"index, follow, max-snippet:-1, max-image-preview:large, max-video-preview:-1\" \/>\n<link rel=\"canonical\" href=\"http:\/\/pepiniere-nour.com\/ar\/product\/early-bomba\/\" \/>\n<meta property=\"og:locale\" content=\"ar_AR\" \/>\n<meta property=\"og:type\" content=\"article\" \/>\n<meta property=\"og:title\" content=\"Early Bomba - P\u00c9PINIERE NOUR DU CENTRE\" \/>\n<meta property=\"og:description\" content=\"Robustesse et Productivit\u00e9  La vari\u00e9t\u00e9 Early Bomba se distingue par son port semi-\u00e9rig\u00e9, offrant une structure robuste et une vigueur remarquable, sp\u00e9cialement adapt\u00e9e aux climats chauds du sud.  Une Maturit\u00e9 Anticip\u00e9e et un \u00c9quilibre Gustatif  Les fruits de l&#039;Early Bomba atteignent leur maturit\u00e9 environ 18 jours avant la r\u00e9f\u00e9rence Big Haven, caract\u00e9risant une \u00e9poque de maturit\u00e9 pr\u00e9coce. Avec un calibre de type A et une qualit\u00e9 gustative \u00e9quilibr\u00e9e, l\u00e9g\u00e8rement acide, ils offrent une exp\u00e9rience sensorielle satisfaisante.\" \/>\n<meta property=\"og:url\" content=\"http:\/\/pepiniere-nour.com\/ar\/product\/early-bomba\/\" \/>\n<meta property=\"og:site_name\" content=\"P\u00c9PINIERE NOUR DU CENTRE\" \/>\n<meta property=\"article:modified_time\" content=\"2024-05-20T22:22:04+00:00\" \/>\n<meta property=\"og:image\" content=\"https:\/\/pepiniere-nour.com\/wp-content\/uploads\/2024\/03\/Nectarine-sucree.jpg\" \/>\n\t<meta property=\"og:image:width\" content=\"570\" \/>\n\t<meta property=\"og:image:height\" content=\"373\" \/>\n\t<meta property=\"og:image:type\" content=\"image\/jpeg\" \/>\n<meta name=\"twitter:card\" content=\"summary_large_image\" \/>\n<meta name=\"twitter:label1\" content=\"\u0648\u0642\u062a \u0627\u0644\u0642\u0631\u0627\u0621\u0629 \u0627\u0644\u0645\u064f\u0642\u062f\u0651\u0631\" \/>\n\t<meta name=\"twitter:data1\" content=\"\u062f\u0642\u064a\u0642\u0629 \u0648\u0627\u062d\u062f\u0629\" \/>\n<script type=\"application\/ld+json\" class=\"yoast-schema-graph\">{\"@context\":\"https:\/\/schema.org\",\"@graph\":[{\"@type\":\"WebPage\",\"@id\":\"https:\/\/pepiniere-nour.com\/produit\/early-bomba\",\"url\":\"https:\/\/pepiniere-nour.com\/produit\/early-bomba\",\"name\":\"Early Bomba - P\u00c9PINIERE NOUR DU CENTRE\",\"isPartOf\":{\"@id\":\"https:\/\/pepiniere-nour.com\/#website\"},\"primaryImageOfPage\":{\"@id\":\"https:\/\/pepiniere-nour.com\/produit\/early-bomba#primaryimage\"},\"image\":{\"@id\":\"https:\/\/pepiniere-nour.com\/produit\/early-bomba#primaryimage\"},\"thumbnailUrl\":\"https:\/\/pepiniere-nour.com\/wp-content\/uploads\/2024\/03\/Nectarine-sucree.jpg\",\"datePublished\":\"2024-03-20T22:59:49+00:00\",\"dateModified\":\"2024-05-20T22:22:04+00:00\",\"breadcrumb\":{\"@id\":\"https:\/\/pepiniere-nour.com\/produit\/early-bomba#breadcrumb\"},\"inLanguage\":\"ar\",\"potentialAction\":[{\"@type\":\"ReadAction\",\"target\":[\"https:\/\/pepiniere-nour.com\/produit\/early-bomba\"]}]},{\"@type\":\"ImageObject\",\"inLanguage\":\"ar\",\"@id\":\"https:\/\/pepiniere-nour.com\/produit\/early-bomba#primaryimage\",\"url\":\"https:\/\/pepiniere-nour.com\/wp-content\/uploads\/2024\/03\/Nectarine-sucree.jpg\",\"contentUrl\":\"https:\/\/pepiniere-nour.com\/wp-content\/uploads\/2024\/03\/Nectarine-sucree.jpg\",\"width\":570,\"height\":373,\"caption\":\"Nectarine sucr\u00e9e\"},{\"@type\":\"BreadcrumbList\",\"@id\":\"https:\/\/pepiniere-nour.com\/produit\/early-bomba#breadcrumb\",\"itemListElement\":[{\"@type\":\"ListItem\",\"position\":1,\"name\":\"Accueil\",\"item\":\"https:\/\/pepiniere-nour.com\/\"},{\"@type\":\"ListItem\",\"position\":2,\"name\":\"Boutique\",\"item\":\"https:\/\/pepiniere-nour.com\/boutique\"},{\"@type\":\"ListItem\",\"position\":3,\"name\":\"Early Bomba\"}]},{\"@type\":\"WebSite\",\"@id\":\"https:\/\/pepiniere-nour.com\/#website\",\"url\":\"https:\/\/pepiniere-nour.com\/\",\"name\":\"P\u00c9PINIERE NOUR DU CENTRE\",\"description\":\"P\u00c9PINIERE NOUR DU CENTRE\",\"publisher\":{\"@id\":\"https:\/\/pepiniere-nour.com\/#organization\"},\"potentialAction\":[{\"@type\":\"SearchAction\",\"target\":{\"@type\":\"EntryPoint\",\"urlTemplate\":\"https:\/\/pepiniere-nour.com\/?s={search_term_string}\"},\"query-input\":{\"@type\":\"PropertyValueSpecification\",\"valueRequired\":true,\"valueName\":\"search_term_string\"}}],\"inLanguage\":\"ar\"},{\"@type\":\"Organization\",\"@id\":\"https:\/\/pepiniere-nour.com\/#organization\",\"name\":\"P\u00c9PINIERE NOUR DU CENTRE\",\"url\":\"https:\/\/pepiniere-nour.com\/\",\"logo\":{\"@type\":\"ImageObject\",\"inLanguage\":\"ar\",\"@id\":\"https:\/\/pepiniere-nour.com\/#\/schema\/logo\/image\/\",\"url\":\"https:\/\/pepiniere-nour.com\/wp-content\/uploads\/2024\/03\/Remove-bg.ai_1709804773648.png\",\"contentUrl\":\"https:\/\/pepiniere-nour.com\/wp-content\/uploads\/2024\/03\/Remove-bg.ai_1709804773648.png\",\"width\":1199,\"height\":1199,\"caption\":\"P\u00c9PINIERE NOUR DU CENTRE\"},\"image\":{\"@id\":\"https:\/\/pepiniere-nour.com\/#\/schema\/logo\/image\/\"}}]}<\/script>\n<!-- \/ Yoast SEO plugin. -->","yoast_head_json":{"title":"Early Bomba - P\u00c9PINIERE NOUR DU CENTRE","robots":{"index":"index","follow":"follow","max-snippet":"max-snippet:-1","max-image-preview":"max-image-preview:large","max-video-preview":"max-video-preview:-1"},"canonical":"http:\/\/pepiniere-nour.com\/ar\/product\/early-bomba\/","og_locale":"ar_AR","og_type":"article","og_title":"Early Bomba - P\u00c9PINIERE NOUR DU CENTRE","og_description":"Robustesse et Productivit\u00e9  La vari\u00e9t\u00e9 Early Bomba se distingue par son port semi-\u00e9rig\u00e9, offrant une structure robuste et une vigueur remarquable, sp\u00e9cialement adapt\u00e9e aux climats chauds du sud.  Une Maturit\u00e9 Anticip\u00e9e et un \u00c9quilibre Gustatif  Les fruits de l'Early Bomba atteignent leur maturit\u00e9 environ 18 jours avant la r\u00e9f\u00e9rence Big Haven, caract\u00e9risant une \u00e9poque de maturit\u00e9 pr\u00e9coce. Avec un calibre de type A et une qualit\u00e9 gustative \u00e9quilibr\u00e9e, l\u00e9g\u00e8rement acide, ils offrent une exp\u00e9rience sensorielle satisfaisante.","og_url":"http:\/\/pepiniere-nour.com\/ar\/product\/early-bomba\/","og_site_name":"P\u00c9PINIERE NOUR DU CENTRE","article_modified_time":"2024-05-20T22:22:04+00:00","og_image":[{"width":570,"height":373,"url":"https:\/\/pepiniere-nour.com\/wp-content\/uploads\/2024\/03\/Nectarine-sucree.jpg","type":"image\/jpeg"}],"twitter_card":"summary_large_image","twitter_misc":{"\u0648\u0642\u062a \u0627\u0644\u0642\u0631\u0627\u0621\u0629 \u0627\u0644\u0645\u064f\u0642\u062f\u0651\u0631":"\u062f\u0642\u064a\u0642\u0629 \u0648\u0627\u062d\u062f\u0629"},"schema":{"@context":"https:\/\/schema.org","@graph":[{"@type":"WebPage","@id":"https:\/\/pepiniere-nour.com\/produit\/early-bomba","url":"https:\/\/pepiniere-nour.com\/produit\/early-bomba","name":"Early Bomba - P\u00c9PINIERE NOUR DU CENTRE","isPartOf":{"@id":"https:\/\/pepiniere-nour.com\/#website"},"primaryImageOfPage":{"@id":"https:\/\/pepiniere-nour.com\/produit\/early-bomba#primaryimage"},"image":{"@id":"https:\/\/pepiniere-nour.com\/produit\/early-bomba#primaryimage"},"thumbnailUrl":"https:\/\/pepiniere-nour.com\/wp-content\/uploads\/2024\/03\/Nectarine-sucree.jpg","datePublished":"2024-03-20T22:59:49+00:00","dateModified":"2024-05-20T22:22:04+00:00","breadcrumb":{"@id":"https:\/\/pepiniere-nour.com\/produit\/early-bomba#breadcrumb"},"inLanguage":"ar","potentialAction":[{"@type":"ReadAction","target":["https:\/\/pepiniere-nour.com\/produit\/early-bomba"]}]},{"@type":"ImageObject","inLanguage":"ar","@id":"https:\/\/pepiniere-nour.com\/produit\/early-bomba#primaryimage","url":"https:\/\/pepiniere-nour.com\/wp-content\/uploads\/2024\/03\/Nectarine-sucree.jpg","contentUrl":"https:\/\/pepiniere-nour.com\/wp-content\/uploads\/2024\/03\/Nectarine-sucree.jpg","width":570,"height":373,"caption":"Nectarine sucr\u00e9e"},{"@type":"BreadcrumbList","@id":"https:\/\/pepiniere-nour.com\/produit\/early-bomba#breadcrumb","itemListElement":[{"@type":"ListItem","position":1,"name":"Accueil","item":"https:\/\/pepiniere-nour.com\/"},{"@type":"ListItem","position":2,"name":"Boutique","item":"https:\/\/pepiniere-nour.com\/boutique"},{"@type":"ListItem","position":3,"name":"Early Bomba"}]},{"@type":"WebSite","@id":"https:\/\/pepiniere-nour.com\/#website","url":"https:\/\/pepiniere-nour.com\/","name":"P\u00c9PINIERE NOUR DU CENTRE","description":"P\u00c9PINIERE NOUR DU CENTRE","publisher":{"@id":"https:\/\/pepiniere-nour.com\/#organization"},"potentialAction":[{"@type":"SearchAction","target":{"@type":"EntryPoint","urlTemplate":"https:\/\/pepiniere-nour.com\/?s={search_term_string}"},"query-input":{"@type":"PropertyValueSpecification","valueRequired":true,"valueName":"search_term_string"}}],"inLanguage":"ar"},{"@type":"Organization","@id":"https:\/\/pepiniere-nour.com\/#organization","name":"P\u00c9PINIERE NOUR DU CENTRE","url":"https:\/\/pepiniere-nour.com\/","logo":{"@type":"ImageObject","inLanguage":"ar","@id":"https:\/\/pepiniere-nour.com\/#\/schema\/logo\/image\/","url":"https:\/\/pepiniere-nour.com\/wp-content\/uploads\/2024\/03\/Remove-bg.ai_1709804773648.png","contentUrl":"https:\/\/pepiniere-nour.com\/wp-content\/uploads\/2024\/03\/Remove-bg.ai_1709804773648.png","width":1199,"height":1199,"caption":"P\u00c9PINIERE NOUR DU CENTRE"},"image":{"@id":"https:\/\/pepiniere-nour.com\/#\/schema\/logo\/image\/"}}]}},"_links":{"self":[{"href":"http:\/\/pepiniere-nour.com\/ar\/wp-json\/wp\/v2\/product\/1006","targetHints":{"allow":["GET"]}}],"collection":[{"href":"http:\/\/pepiniere-nour.com\/ar\/wp-json\/wp\/v2\/product"}],"about":[{"href":"http:\/\/pepiniere-nour.com\/ar\/wp-json\/wp\/v2\/types\/product"}],"wp:featuredmedia":[{"embeddable":true,"href":"http:\/\/pepiniere-nour.com\/ar\/wp-json\/wp\/v2\/media\/2627"}],"wp:attachment":[{"href":"http:\/\/pepiniere-nour.com\/ar\/wp-json\/wp\/v2\/media?parent=1006"}],"wp:term":[{"taxonomy":"product_brand","embeddable":true,"href":"http:\/\/pepiniere-nour.com\/ar\/wp-json\/wp\/v2\/product_brand?post=1006"},{"taxonomy":"product_cat","embeddable":true,"href":"http:\/\/pepiniere-nour.com\/ar\/wp-json\/wp\/v2\/product_cat?post=1006"},{"taxonomy":"product_tag","embeddable":true,"href":"http:\/\/pepiniere-nour.com\/ar\/wp-json\/wp\/v2\/product_tag?post=1006"}],"curies":[{"name":"wp","href":"https:\/\/api.w.org\/{rel}","templated":true}]}}