{"id":1004,"date":"2024-03-20T22:59:22","date_gmt":"2024-03-20T22:59:22","guid":{"rendered":"https:\/\/pepiniere-nour.com\/?post_type=product&#038;p=1004"},"modified":"2024-05-20T22:24:14","modified_gmt":"2024-05-20T22:24:14","slug":"zincal-5","status":"publish","type":"product","link":"http:\/\/pepiniere-nour.com\/ar\/product\/zincal-5","title":{"rendered":"\u0632\u064a\u0646\u0643\u0627\u06445"},"content":{"rendered":"","protected":false},"excerpt":{"rendered":"<p><strong>\u0627\u0644\u0633\u0645\u0627\u062a \u0627\u0644\u0645\u0645\u064a\u0632\u0629 :<\/strong><\/p>\n<p>Les nectarines ZINCAL, vari\u00e9t\u00e9 de p\u00eaches \u00e0 chair jaune, se d\u00e9marquent par leur forme ronde et leur maturation rapide. Leur aspect visuel est saisissant avec une couleur rouge intense marbr\u00e9e de jaune, attirant l&rsquo;attention sur les \u00e9tals.<\/p>\n<p><strong>\u062a\u062c\u0631\u0628\u0629 \u062a\u0630\u0648\u0642 \u0631\u0627\u0626\u0639\u0629:<\/strong><\/p>\n<p>Dot\u00e9es d&rsquo;un calibre allant de grade A \u00e0 B et d&rsquo;un taux de Brix de 13\u00b0, elles offrent une saveur prononc\u00e9e qui ravit les papilles des consommateurs. Gr\u00e2ce \u00e0 ces caract\u00e9ristiques, les nectarines ZINCAL sont une option de choix pour ceux qui recherchent une exp\u00e9rience gustative remarquable d\u00e8s le d\u00e9but de la saison.<\/p>","protected":false},"featured_media":2634,"template":"","meta":{"_acf_changed":false},"product_brand":[],"product_cat":[53],"product_tag":[24,35,25,26,27],"class_list":{"0":"post-1004","1":"product","2":"type-product","3":"status-publish","4":"has-post-thumbnail","6":"product_cat-plants-de-nectarniers","7":"product_tag-equipment","8":"product_tag-etranger","9":"product_tag-garden","10":"product_tag-plants","11":"product_tag-tools","13":"first","14":"instock","15":"shipping-taxable","16":"purchasable","17":"product-type-simple"},"acf":[],"yoast_head":"<!-- This site is optimized with the Yoast SEO plugin v25.5 - https:\/\/yoast.com\/wordpress\/plugins\/seo\/ -->\n<title>Zincal 5 - P\u00c9PINIERE NOUR DU CENTRE<\/title>\n<meta name=\"robots\" content=\"index, follow, max-snippet:-1, max-image-preview:large, max-video-preview:-1\" \/>\n<link rel=\"canonical\" href=\"http:\/\/pepiniere-nour.com\/ar\/product\/zincal-5\/\" \/>\n<meta property=\"og:locale\" content=\"ar_AR\" \/>\n<meta property=\"og:type\" content=\"article\" \/>\n<meta property=\"og:title\" content=\"Zincal 5 - P\u00c9PINIERE NOUR DU CENTRE\" \/>\n<meta property=\"og:description\" content=\"Caract\u00e9ristiques Distinctives :  Les nectarines ZINCAL, vari\u00e9t\u00e9 de p\u00eaches \u00e0 chair jaune, se d\u00e9marquent par leur forme ronde et leur maturation rapide. Leur aspect visuel est saisissant avec une couleur rouge intense marbr\u00e9e de jaune, attirant l&#039;attention sur les \u00e9tals.  Exp\u00e9rience Gustative Remarquable :  Dot\u00e9es d&#039;un calibre allant de grade A \u00e0 B et d&#039;un taux de Brix de 13\u00b0, elles offrent une saveur prononc\u00e9e qui ravit les papilles des consommateurs. Gr\u00e2ce \u00e0 ces caract\u00e9ristiques, les nectarines ZINCAL sont une option de choix pour ceux qui recherchent une exp\u00e9rience gustative remarquable d\u00e8s le d\u00e9but de la saison.\" \/>\n<meta property=\"og:url\" content=\"http:\/\/pepiniere-nour.com\/ar\/product\/zincal-5\/\" \/>\n<meta property=\"og:site_name\" content=\"P\u00c9PINIERE NOUR DU CENTRE\" \/>\n<meta property=\"article:modified_time\" content=\"2024-05-20T22:24:14+00:00\" \/>\n<meta property=\"og:image\" content=\"https:\/\/pepiniere-nour.com\/wp-content\/uploads\/2024\/03\/Plants-nictarniers-Zincal-5.jpg\" \/>\n\t<meta property=\"og:image:width\" content=\"570\" \/>\n\t<meta property=\"og:image:height\" content=\"380\" \/>\n\t<meta property=\"og:image:type\" content=\"image\/jpeg\" \/>\n<meta name=\"twitter:card\" content=\"summary_large_image\" \/>\n<meta name=\"twitter:label1\" content=\"\u0648\u0642\u062a \u0627\u0644\u0642\u0631\u0627\u0621\u0629 \u0627\u0644\u0645\u064f\u0642\u062f\u0651\u0631\" \/>\n\t<meta name=\"twitter:data1\" content=\"\u062f\u0642\u064a\u0642\u0629 \u0648\u0627\u062d\u062f\u0629\" \/>\n<script type=\"application\/ld+json\" class=\"yoast-schema-graph\">{\"@context\":\"https:\/\/schema.org\",\"@graph\":[{\"@type\":\"WebPage\",\"@id\":\"https:\/\/pepiniere-nour.com\/produit\/zincal-5\",\"url\":\"https:\/\/pepiniere-nour.com\/produit\/zincal-5\",\"name\":\"Zincal 5 - P\u00c9PINIERE NOUR DU CENTRE\",\"isPartOf\":{\"@id\":\"https:\/\/pepiniere-nour.com\/#website\"},\"primaryImageOfPage\":{\"@id\":\"https:\/\/pepiniere-nour.com\/produit\/zincal-5#primaryimage\"},\"image\":{\"@id\":\"https:\/\/pepiniere-nour.com\/produit\/zincal-5#primaryimage\"},\"thumbnailUrl\":\"https:\/\/pepiniere-nour.com\/wp-content\/uploads\/2024\/03\/Plants-nictarniers-Zincal-5.jpg\",\"datePublished\":\"2024-03-20T22:59:22+00:00\",\"dateModified\":\"2024-05-20T22:24:14+00:00\",\"breadcrumb\":{\"@id\":\"https:\/\/pepiniere-nour.com\/produit\/zincal-5#breadcrumb\"},\"inLanguage\":\"ar\",\"potentialAction\":[{\"@type\":\"ReadAction\",\"target\":[\"https:\/\/pepiniere-nour.com\/produit\/zincal-5\"]}]},{\"@type\":\"ImageObject\",\"inLanguage\":\"ar\",\"@id\":\"https:\/\/pepiniere-nour.com\/produit\/zincal-5#primaryimage\",\"url\":\"https:\/\/pepiniere-nour.com\/wp-content\/uploads\/2024\/03\/Plants-nictarniers-Zincal-5.jpg\",\"contentUrl\":\"https:\/\/pepiniere-nour.com\/wp-content\/uploads\/2024\/03\/Plants-nictarniers-Zincal-5.jpg\",\"width\":570,\"height\":380,\"caption\":\"Plants nictarnier Zincal 5\"},{\"@type\":\"BreadcrumbList\",\"@id\":\"https:\/\/pepiniere-nour.com\/produit\/zincal-5#breadcrumb\",\"itemListElement\":[{\"@type\":\"ListItem\",\"position\":1,\"name\":\"Accueil\",\"item\":\"https:\/\/pepiniere-nour.com\/\"},{\"@type\":\"ListItem\",\"position\":2,\"name\":\"Boutique\",\"item\":\"https:\/\/pepiniere-nour.com\/boutique\"},{\"@type\":\"ListItem\",\"position\":3,\"name\":\"Zincal 5\"}]},{\"@type\":\"WebSite\",\"@id\":\"https:\/\/pepiniere-nour.com\/#website\",\"url\":\"https:\/\/pepiniere-nour.com\/\",\"name\":\"P\u00c9PINIERE NOUR DU CENTRE\",\"description\":\"P\u00c9PINIERE NOUR DU CENTRE\",\"publisher\":{\"@id\":\"https:\/\/pepiniere-nour.com\/#organization\"},\"potentialAction\":[{\"@type\":\"SearchAction\",\"target\":{\"@type\":\"EntryPoint\",\"urlTemplate\":\"https:\/\/pepiniere-nour.com\/?s={search_term_string}\"},\"query-input\":{\"@type\":\"PropertyValueSpecification\",\"valueRequired\":true,\"valueName\":\"search_term_string\"}}],\"inLanguage\":\"ar\"},{\"@type\":\"Organization\",\"@id\":\"https:\/\/pepiniere-nour.com\/#organization\",\"name\":\"P\u00c9PINIERE NOUR DU CENTRE\",\"url\":\"https:\/\/pepiniere-nour.com\/\",\"logo\":{\"@type\":\"ImageObject\",\"inLanguage\":\"ar\",\"@id\":\"https:\/\/pepiniere-nour.com\/#\/schema\/logo\/image\/\",\"url\":\"https:\/\/pepiniere-nour.com\/wp-content\/uploads\/2024\/03\/Remove-bg.ai_1709804773648.png\",\"contentUrl\":\"https:\/\/pepiniere-nour.com\/wp-content\/uploads\/2024\/03\/Remove-bg.ai_1709804773648.png\",\"width\":1199,\"height\":1199,\"caption\":\"P\u00c9PINIERE NOUR DU CENTRE\"},\"image\":{\"@id\":\"https:\/\/pepiniere-nour.com\/#\/schema\/logo\/image\/\"}}]}<\/script>\n<!-- \/ Yoast SEO plugin. -->","yoast_head_json":{"title":"Zincal 5 - P\u00c9PINIERE NOUR DU CENTRE","robots":{"index":"index","follow":"follow","max-snippet":"max-snippet:-1","max-image-preview":"max-image-preview:large","max-video-preview":"max-video-preview:-1"},"canonical":"http:\/\/pepiniere-nour.com\/ar\/product\/zincal-5\/","og_locale":"ar_AR","og_type":"article","og_title":"Zincal 5 - P\u00c9PINIERE NOUR DU CENTRE","og_description":"Caract\u00e9ristiques Distinctives :  Les nectarines ZINCAL, vari\u00e9t\u00e9 de p\u00eaches \u00e0 chair jaune, se d\u00e9marquent par leur forme ronde et leur maturation rapide. Leur aspect visuel est saisissant avec une couleur rouge intense marbr\u00e9e de jaune, attirant l'attention sur les \u00e9tals.  Exp\u00e9rience Gustative Remarquable :  Dot\u00e9es d'un calibre allant de grade A \u00e0 B et d'un taux de Brix de 13\u00b0, elles offrent une saveur prononc\u00e9e qui ravit les papilles des consommateurs. Gr\u00e2ce \u00e0 ces caract\u00e9ristiques, les nectarines ZINCAL sont une option de choix pour ceux qui recherchent une exp\u00e9rience gustative remarquable d\u00e8s le d\u00e9but de la saison.","og_url":"http:\/\/pepiniere-nour.com\/ar\/product\/zincal-5\/","og_site_name":"P\u00c9PINIERE NOUR DU CENTRE","article_modified_time":"2024-05-20T22:24:14+00:00","og_image":[{"width":570,"height":380,"url":"https:\/\/pepiniere-nour.com\/wp-content\/uploads\/2024\/03\/Plants-nictarniers-Zincal-5.jpg","type":"image\/jpeg"}],"twitter_card":"summary_large_image","twitter_misc":{"\u0648\u0642\u062a \u0627\u0644\u0642\u0631\u0627\u0621\u0629 \u0627\u0644\u0645\u064f\u0642\u062f\u0651\u0631":"\u062f\u0642\u064a\u0642\u0629 \u0648\u0627\u062d\u062f\u0629"},"schema":{"@context":"https:\/\/schema.org","@graph":[{"@type":"WebPage","@id":"https:\/\/pepiniere-nour.com\/produit\/zincal-5","url":"https:\/\/pepiniere-nour.com\/produit\/zincal-5","name":"Zincal 5 - P\u00c9PINIERE NOUR DU CENTRE","isPartOf":{"@id":"https:\/\/pepiniere-nour.com\/#website"},"primaryImageOfPage":{"@id":"https:\/\/pepiniere-nour.com\/produit\/zincal-5#primaryimage"},"image":{"@id":"https:\/\/pepiniere-nour.com\/produit\/zincal-5#primaryimage"},"thumbnailUrl":"https:\/\/pepiniere-nour.com\/wp-content\/uploads\/2024\/03\/Plants-nictarniers-Zincal-5.jpg","datePublished":"2024-03-20T22:59:22+00:00","dateModified":"2024-05-20T22:24:14+00:00","breadcrumb":{"@id":"https:\/\/pepiniere-nour.com\/produit\/zincal-5#breadcrumb"},"inLanguage":"ar","potentialAction":[{"@type":"ReadAction","target":["https:\/\/pepiniere-nour.com\/produit\/zincal-5"]}]},{"@type":"ImageObject","inLanguage":"ar","@id":"https:\/\/pepiniere-nour.com\/produit\/zincal-5#primaryimage","url":"https:\/\/pepiniere-nour.com\/wp-content\/uploads\/2024\/03\/Plants-nictarniers-Zincal-5.jpg","contentUrl":"https:\/\/pepiniere-nour.com\/wp-content\/uploads\/2024\/03\/Plants-nictarniers-Zincal-5.jpg","width":570,"height":380,"caption":"Plants nictarnier Zincal 5"},{"@type":"BreadcrumbList","@id":"https:\/\/pepiniere-nour.com\/produit\/zincal-5#breadcrumb","itemListElement":[{"@type":"ListItem","position":1,"name":"Accueil","item":"https:\/\/pepiniere-nour.com\/"},{"@type":"ListItem","position":2,"name":"Boutique","item":"https:\/\/pepiniere-nour.com\/boutique"},{"@type":"ListItem","position":3,"name":"Zincal 5"}]},{"@type":"WebSite","@id":"https:\/\/pepiniere-nour.com\/#website","url":"https:\/\/pepiniere-nour.com\/","name":"P\u00c9PINIERE NOUR DU CENTRE","description":"P\u00c9PINIERE NOUR DU CENTRE","publisher":{"@id":"https:\/\/pepiniere-nour.com\/#organization"},"potentialAction":[{"@type":"SearchAction","target":{"@type":"EntryPoint","urlTemplate":"https:\/\/pepiniere-nour.com\/?s={search_term_string}"},"query-input":{"@type":"PropertyValueSpecification","valueRequired":true,"valueName":"search_term_string"}}],"inLanguage":"ar"},{"@type":"Organization","@id":"https:\/\/pepiniere-nour.com\/#organization","name":"P\u00c9PINIERE NOUR DU CENTRE","url":"https:\/\/pepiniere-nour.com\/","logo":{"@type":"ImageObject","inLanguage":"ar","@id":"https:\/\/pepiniere-nour.com\/#\/schema\/logo\/image\/","url":"https:\/\/pepiniere-nour.com\/wp-content\/uploads\/2024\/03\/Remove-bg.ai_1709804773648.png","contentUrl":"https:\/\/pepiniere-nour.com\/wp-content\/uploads\/2024\/03\/Remove-bg.ai_1709804773648.png","width":1199,"height":1199,"caption":"P\u00c9PINIERE NOUR DU CENTRE"},"image":{"@id":"https:\/\/pepiniere-nour.com\/#\/schema\/logo\/image\/"}}]}},"_links":{"self":[{"href":"http:\/\/pepiniere-nour.com\/ar\/wp-json\/wp\/v2\/product\/1004","targetHints":{"allow":["GET"]}}],"collection":[{"href":"http:\/\/pepiniere-nour.com\/ar\/wp-json\/wp\/v2\/product"}],"about":[{"href":"http:\/\/pepiniere-nour.com\/ar\/wp-json\/wp\/v2\/types\/product"}],"wp:featuredmedia":[{"embeddable":true,"href":"http:\/\/pepiniere-nour.com\/ar\/wp-json\/wp\/v2\/media\/2634"}],"wp:attachment":[{"href":"http:\/\/pepiniere-nour.com\/ar\/wp-json\/wp\/v2\/media?parent=1004"}],"wp:term":[{"taxonomy":"product_brand","embeddable":true,"href":"http:\/\/pepiniere-nour.com\/ar\/wp-json\/wp\/v2\/product_brand?post=1004"},{"taxonomy":"product_cat","embeddable":true,"href":"http:\/\/pepiniere-nour.com\/ar\/wp-json\/wp\/v2\/product_cat?post=1004"},{"taxonomy":"product_tag","embeddable":true,"href":"http:\/\/pepiniere-nour.com\/ar\/wp-json\/wp\/v2\/product_tag?post=1004"}],"curies":[{"name":"wp","href":"https:\/\/api.w.org\/{rel}","templated":true}]}}