{"id":1003,"date":"2024-03-20T22:59:13","date_gmt":"2024-03-20T22:59:13","guid":{"rendered":"https:\/\/pepiniere-nour.com\/?post_type=product&#038;p=1003"},"modified":"2024-05-20T22:24:21","modified_gmt":"2024-05-20T22:24:21","slug":"fortune","status":"publish","type":"product","link":"http:\/\/pepiniere-nour.com\/ar\/product\/fortune","title":{"rendered":"\u0641\u0648\u0631\u062a\u064a\u0646"},"content":{"rendered":"","protected":false},"excerpt":{"rendered":"<p><strong>Caract\u00e9ristiques de l&rsquo;Arbre et du Fruit<\/strong><\/p>\n<p>\u064a\u062a\u0645\u064a\u0632 \u0647\u0630\u0627 \u0627\u0644\u0635\u0646\u0641 \u0645\u0646 \u0623\u0634\u062c\u0627\u0631 \u0627\u0644\u0628\u0631\u0642\u0648\u0642 \u0628\u0634\u062c\u0631\u0629 \u0645\u062a\u0648\u0633\u0637\u0629 \u0625\u0644\u0649 \u0642\u0648\u064a\u0629. \u062b\u0645\u0627\u0631\u0647\u0627 \u0644\u0647\u0627 \u0644\u0648\u0646 \u0648\u0631\u062f\u064a \u0623\u0631\u062c\u0648\u0627\u0646\u064a \u0645\u0634\u0631\u0642 \u0645\u0639 \u0625\u0632\u0647\u0627\u0631 \u0648\u0641\u064a\u0631. \u0645\u0633\u062a\u0637\u064a\u0644\u0629 \u0627\u0644\u0634\u0643\u0644 \u0648\u0643\u0628\u064a\u0631\u0629 \u0627\u0644\u062d\u062c\u0645\u060c \u0648\u064a\u062a\u0646\u0648\u0639 \u0644\u0648\u0646 \u0644\u062d\u0645\u0647\u0627 \u0645\u0646 \u0627\u0644\u0623\u0635\u0641\u0631 \u0625\u0644\u0649 \u0627\u0644\u0623\u062d\u0645\u0631\u060c \u0645\u0645\u0627 \u064a\u0648\u0641\u0631 \u0637\u0639\u0645\u064b\u0627 \u062c\u064a\u062f\u064b\u0627.<\/p>\n<p><strong>\u0634\u062c\u0631\u0629 \u0645\u062a\u0648\u0633\u0637\u0629\/\u0642\u0648\u064a\u0629 \u0648\u062b\u0645\u0631\u0629 \u0632\u0627\u0647\u064a\u0629<\/strong><\/p>\n<p>Dot\u00e9 d&rsquo;un arbre de taille moyenne \u00e0 forte, Fortune produit des fruits d&rsquo;un rose lumineux-violet, orn\u00e9s d&rsquo;une pruine abondante. Ces fruits, de forme oblongue et de gros calibre, offrent une chair allant du jaun\u00e2tre au rouge, garantissant une exp\u00e9rience gustative satisfaisante.<\/p>","protected":false},"featured_media":2636,"template":"","meta":{"_acf_changed":false},"product_brand":[],"product_cat":[52],"product_tag":[24,35,25,26,27],"class_list":{"0":"post-1003","1":"product","2":"type-product","3":"status-publish","4":"has-post-thumbnail","6":"product_cat-plants-de-pruniers","7":"product_tag-equipment","8":"product_tag-etranger","9":"product_tag-garden","10":"product_tag-plants","11":"product_tag-tools","13":"first","14":"instock","15":"shipping-taxable","16":"purchasable","17":"product-type-simple"},"acf":[],"yoast_head":"<!-- This site is optimized with the Yoast SEO plugin v25.5 - https:\/\/yoast.com\/wordpress\/plugins\/seo\/ -->\n<title>Fortune - P\u00c9PINIERE NOUR DU CENTRE<\/title>\n<meta name=\"robots\" content=\"index, follow, max-snippet:-1, max-image-preview:large, max-video-preview:-1\" \/>\n<link rel=\"canonical\" href=\"http:\/\/pepiniere-nour.com\/ar\/product\/fortune\/\" \/>\n<meta property=\"og:locale\" content=\"ar_AR\" \/>\n<meta property=\"og:type\" content=\"article\" \/>\n<meta property=\"og:title\" content=\"Fortune - P\u00c9PINIERE NOUR DU CENTRE\" \/>\n<meta property=\"og:description\" content=\"Caract\u00e9ristiques de l&#039;Arbre et du Fruit  Fortune se distingue par un arbre de taille moyenne \u00e0 forte. Ses fruits arborent une couleur rose lumineux-violet avec une pruine abondante. De forme oblongue et de gros calibre, leur chair varie du jaun\u00e2tre au rouge, offrant une bonne qualit\u00e9 gustative.  Arbre Moyen\/Fort et Fruit \u00c9clatant  Dot\u00e9 d&#039;un arbre de taille moyenne \u00e0 forte, Fortune produit des fruits d&#039;un rose lumineux-violet, orn\u00e9s d&#039;une pruine abondante. Ces fruits, de forme oblongue et de gros calibre, offrent une chair allant du jaun\u00e2tre au rouge, garantissant une exp\u00e9rience gustative satisfaisante.\" \/>\n<meta property=\"og:url\" content=\"http:\/\/pepiniere-nour.com\/ar\/product\/fortune\/\" \/>\n<meta property=\"og:site_name\" content=\"P\u00c9PINIERE NOUR DU CENTRE\" \/>\n<meta property=\"article:modified_time\" content=\"2024-05-20T22:24:21+00:00\" \/>\n<meta property=\"og:image\" content=\"https:\/\/pepiniere-nour.com\/wp-content\/uploads\/2024\/03\/gros-plan-dune-branche-de-prunier.jpg\" \/>\n\t<meta property=\"og:image:width\" content=\"570\" \/>\n\t<meta property=\"og:image:height\" content=\"380\" \/>\n\t<meta property=\"og:image:type\" content=\"image\/jpeg\" \/>\n<meta name=\"twitter:card\" content=\"summary_large_image\" \/>\n<meta name=\"twitter:label1\" content=\"\u0648\u0642\u062a \u0627\u0644\u0642\u0631\u0627\u0621\u0629 \u0627\u0644\u0645\u064f\u0642\u062f\u0651\u0631\" \/>\n\t<meta name=\"twitter:data1\" content=\"\u062f\u0642\u064a\u0642\u0629 \u0648\u0627\u062d\u062f\u0629\" \/>\n<script type=\"application\/ld+json\" class=\"yoast-schema-graph\">{\"@context\":\"https:\/\/schema.org\",\"@graph\":[{\"@type\":\"WebPage\",\"@id\":\"https:\/\/pepiniere-nour.com\/produit\/fortune\",\"url\":\"https:\/\/pepiniere-nour.com\/produit\/fortune\",\"name\":\"Fortune - P\u00c9PINIERE NOUR DU CENTRE\",\"isPartOf\":{\"@id\":\"https:\/\/pepiniere-nour.com\/#website\"},\"primaryImageOfPage\":{\"@id\":\"https:\/\/pepiniere-nour.com\/produit\/fortune#primaryimage\"},\"image\":{\"@id\":\"https:\/\/pepiniere-nour.com\/produit\/fortune#primaryimage\"},\"thumbnailUrl\":\"https:\/\/pepiniere-nour.com\/wp-content\/uploads\/2024\/03\/gros-plan-dune-branche-de-prunier.jpg\",\"datePublished\":\"2024-03-20T22:59:13+00:00\",\"dateModified\":\"2024-05-20T22:24:21+00:00\",\"breadcrumb\":{\"@id\":\"https:\/\/pepiniere-nour.com\/produit\/fortune#breadcrumb\"},\"inLanguage\":\"ar\",\"potentialAction\":[{\"@type\":\"ReadAction\",\"target\":[\"https:\/\/pepiniere-nour.com\/produit\/fortune\"]}]},{\"@type\":\"ImageObject\",\"inLanguage\":\"ar\",\"@id\":\"https:\/\/pepiniere-nour.com\/produit\/fortune#primaryimage\",\"url\":\"https:\/\/pepiniere-nour.com\/wp-content\/uploads\/2024\/03\/gros-plan-dune-branche-de-prunier.jpg\",\"contentUrl\":\"https:\/\/pepiniere-nour.com\/wp-content\/uploads\/2024\/03\/gros-plan-dune-branche-de-prunier.jpg\",\"width\":570,\"height\":380,\"caption\":\"Plants de pruniers Fortune\"},{\"@type\":\"BreadcrumbList\",\"@id\":\"https:\/\/pepiniere-nour.com\/produit\/fortune#breadcrumb\",\"itemListElement\":[{\"@type\":\"ListItem\",\"position\":1,\"name\":\"Accueil\",\"item\":\"https:\/\/pepiniere-nour.com\/\"},{\"@type\":\"ListItem\",\"position\":2,\"name\":\"Boutique\",\"item\":\"https:\/\/pepiniere-nour.com\/boutique\"},{\"@type\":\"ListItem\",\"position\":3,\"name\":\"Fortune\"}]},{\"@type\":\"WebSite\",\"@id\":\"https:\/\/pepiniere-nour.com\/#website\",\"url\":\"https:\/\/pepiniere-nour.com\/\",\"name\":\"P\u00c9PINIERE NOUR DU CENTRE\",\"description\":\"P\u00c9PINIERE NOUR DU CENTRE\",\"publisher\":{\"@id\":\"https:\/\/pepiniere-nour.com\/#organization\"},\"potentialAction\":[{\"@type\":\"SearchAction\",\"target\":{\"@type\":\"EntryPoint\",\"urlTemplate\":\"https:\/\/pepiniere-nour.com\/?s={search_term_string}\"},\"query-input\":{\"@type\":\"PropertyValueSpecification\",\"valueRequired\":true,\"valueName\":\"search_term_string\"}}],\"inLanguage\":\"ar\"},{\"@type\":\"Organization\",\"@id\":\"https:\/\/pepiniere-nour.com\/#organization\",\"name\":\"P\u00c9PINIERE NOUR DU CENTRE\",\"url\":\"https:\/\/pepiniere-nour.com\/\",\"logo\":{\"@type\":\"ImageObject\",\"inLanguage\":\"ar\",\"@id\":\"https:\/\/pepiniere-nour.com\/#\/schema\/logo\/image\/\",\"url\":\"https:\/\/pepiniere-nour.com\/wp-content\/uploads\/2024\/03\/Remove-bg.ai_1709804773648.png\",\"contentUrl\":\"https:\/\/pepiniere-nour.com\/wp-content\/uploads\/2024\/03\/Remove-bg.ai_1709804773648.png\",\"width\":1199,\"height\":1199,\"caption\":\"P\u00c9PINIERE NOUR DU CENTRE\"},\"image\":{\"@id\":\"https:\/\/pepiniere-nour.com\/#\/schema\/logo\/image\/\"}}]}<\/script>\n<!-- \/ Yoast SEO plugin. -->","yoast_head_json":{"title":"Fortune - P\u00c9PINIERE NOUR DU CENTRE","robots":{"index":"index","follow":"follow","max-snippet":"max-snippet:-1","max-image-preview":"max-image-preview:large","max-video-preview":"max-video-preview:-1"},"canonical":"http:\/\/pepiniere-nour.com\/ar\/product\/fortune\/","og_locale":"ar_AR","og_type":"article","og_title":"Fortune - P\u00c9PINIERE NOUR DU CENTRE","og_description":"Caract\u00e9ristiques de l'Arbre et du Fruit  Fortune se distingue par un arbre de taille moyenne \u00e0 forte. Ses fruits arborent une couleur rose lumineux-violet avec une pruine abondante. De forme oblongue et de gros calibre, leur chair varie du jaun\u00e2tre au rouge, offrant une bonne qualit\u00e9 gustative.  Arbre Moyen\/Fort et Fruit \u00c9clatant  Dot\u00e9 d'un arbre de taille moyenne \u00e0 forte, Fortune produit des fruits d'un rose lumineux-violet, orn\u00e9s d'une pruine abondante. Ces fruits, de forme oblongue et de gros calibre, offrent une chair allant du jaun\u00e2tre au rouge, garantissant une exp\u00e9rience gustative satisfaisante.","og_url":"http:\/\/pepiniere-nour.com\/ar\/product\/fortune\/","og_site_name":"P\u00c9PINIERE NOUR DU CENTRE","article_modified_time":"2024-05-20T22:24:21+00:00","og_image":[{"width":570,"height":380,"url":"https:\/\/pepiniere-nour.com\/wp-content\/uploads\/2024\/03\/gros-plan-dune-branche-de-prunier.jpg","type":"image\/jpeg"}],"twitter_card":"summary_large_image","twitter_misc":{"\u0648\u0642\u062a \u0627\u0644\u0642\u0631\u0627\u0621\u0629 \u0627\u0644\u0645\u064f\u0642\u062f\u0651\u0631":"\u062f\u0642\u064a\u0642\u0629 \u0648\u0627\u062d\u062f\u0629"},"schema":{"@context":"https:\/\/schema.org","@graph":[{"@type":"WebPage","@id":"https:\/\/pepiniere-nour.com\/produit\/fortune","url":"https:\/\/pepiniere-nour.com\/produit\/fortune","name":"Fortune - P\u00c9PINIERE NOUR DU CENTRE","isPartOf":{"@id":"https:\/\/pepiniere-nour.com\/#website"},"primaryImageOfPage":{"@id":"https:\/\/pepiniere-nour.com\/produit\/fortune#primaryimage"},"image":{"@id":"https:\/\/pepiniere-nour.com\/produit\/fortune#primaryimage"},"thumbnailUrl":"https:\/\/pepiniere-nour.com\/wp-content\/uploads\/2024\/03\/gros-plan-dune-branche-de-prunier.jpg","datePublished":"2024-03-20T22:59:13+00:00","dateModified":"2024-05-20T22:24:21+00:00","breadcrumb":{"@id":"https:\/\/pepiniere-nour.com\/produit\/fortune#breadcrumb"},"inLanguage":"ar","potentialAction":[{"@type":"ReadAction","target":["https:\/\/pepiniere-nour.com\/produit\/fortune"]}]},{"@type":"ImageObject","inLanguage":"ar","@id":"https:\/\/pepiniere-nour.com\/produit\/fortune#primaryimage","url":"https:\/\/pepiniere-nour.com\/wp-content\/uploads\/2024\/03\/gros-plan-dune-branche-de-prunier.jpg","contentUrl":"https:\/\/pepiniere-nour.com\/wp-content\/uploads\/2024\/03\/gros-plan-dune-branche-de-prunier.jpg","width":570,"height":380,"caption":"Plants de pruniers Fortune"},{"@type":"BreadcrumbList","@id":"https:\/\/pepiniere-nour.com\/produit\/fortune#breadcrumb","itemListElement":[{"@type":"ListItem","position":1,"name":"Accueil","item":"https:\/\/pepiniere-nour.com\/"},{"@type":"ListItem","position":2,"name":"Boutique","item":"https:\/\/pepiniere-nour.com\/boutique"},{"@type":"ListItem","position":3,"name":"Fortune"}]},{"@type":"WebSite","@id":"https:\/\/pepiniere-nour.com\/#website","url":"https:\/\/pepiniere-nour.com\/","name":"P\u00c9PINIERE NOUR DU CENTRE","description":"P\u00c9PINIERE NOUR DU CENTRE","publisher":{"@id":"https:\/\/pepiniere-nour.com\/#organization"},"potentialAction":[{"@type":"SearchAction","target":{"@type":"EntryPoint","urlTemplate":"https:\/\/pepiniere-nour.com\/?s={search_term_string}"},"query-input":{"@type":"PropertyValueSpecification","valueRequired":true,"valueName":"search_term_string"}}],"inLanguage":"ar"},{"@type":"Organization","@id":"https:\/\/pepiniere-nour.com\/#organization","name":"P\u00c9PINIERE NOUR DU CENTRE","url":"https:\/\/pepiniere-nour.com\/","logo":{"@type":"ImageObject","inLanguage":"ar","@id":"https:\/\/pepiniere-nour.com\/#\/schema\/logo\/image\/","url":"https:\/\/pepiniere-nour.com\/wp-content\/uploads\/2024\/03\/Remove-bg.ai_1709804773648.png","contentUrl":"https:\/\/pepiniere-nour.com\/wp-content\/uploads\/2024\/03\/Remove-bg.ai_1709804773648.png","width":1199,"height":1199,"caption":"P\u00c9PINIERE NOUR DU CENTRE"},"image":{"@id":"https:\/\/pepiniere-nour.com\/#\/schema\/logo\/image\/"}}]}},"_links":{"self":[{"href":"http:\/\/pepiniere-nour.com\/ar\/wp-json\/wp\/v2\/product\/1003","targetHints":{"allow":["GET"]}}],"collection":[{"href":"http:\/\/pepiniere-nour.com\/ar\/wp-json\/wp\/v2\/product"}],"about":[{"href":"http:\/\/pepiniere-nour.com\/ar\/wp-json\/wp\/v2\/types\/product"}],"wp:featuredmedia":[{"embeddable":true,"href":"http:\/\/pepiniere-nour.com\/ar\/wp-json\/wp\/v2\/media\/2636"}],"wp:attachment":[{"href":"http:\/\/pepiniere-nour.com\/ar\/wp-json\/wp\/v2\/media?parent=1003"}],"wp:term":[{"taxonomy":"product_brand","embeddable":true,"href":"http:\/\/pepiniere-nour.com\/ar\/wp-json\/wp\/v2\/product_brand?post=1003"},{"taxonomy":"product_cat","embeddable":true,"href":"http:\/\/pepiniere-nour.com\/ar\/wp-json\/wp\/v2\/product_cat?post=1003"},{"taxonomy":"product_tag","embeddable":true,"href":"http:\/\/pepiniere-nour.com\/ar\/wp-json\/wp\/v2\/product_tag?post=1003"}],"curies":[{"name":"wp","href":"https:\/\/api.w.org\/{rel}","templated":true}]}}