{"id":1002,"date":"2024-03-20T22:59:06","date_gmt":"2024-03-20T22:59:06","guid":{"rendered":"https:\/\/pepiniere-nour.com\/?post_type=product&#038;p=1002"},"modified":"2024-05-21T11:08:19","modified_gmt":"2024-05-21T11:08:19","slug":"sun-gold","status":"publish","type":"product","link":"http:\/\/pepiniere-nour.com\/ar\/product\/sun-gold","title":{"rendered":"\u0627\u0644\u0634\u0645\u0633 \u0627\u0644\u0630\u0647\u0628\u064a\u0629"},"content":{"rendered":"","protected":false},"excerpt":{"rendered":"<p><strong>\u0632\u0631\u0627\u0639\u0629 \u0634\u062c\u0631\u0629 \u0627\u0644\u0628\u0631\u0642\u0648\u0642 \u0633\u0646\u062c\u0648\u0644\u062f \u0641\u064a \u062a\u0648\u0646\u0633<\/strong><\/p>\n<p>La culture du Prunier Sungold en Tunisie b\u00e9n\u00e9ficie de son excellente adaptabilit\u00e9 aux conditions climatiques locales. Cette vari\u00e9t\u00e9 s&rsquo;\u00e9panouit dans le climat m\u00e9diterran\u00e9en de la r\u00e9gion, offrant ainsi aux cultivateurs une option fiable pour diversifier leurs cultures fruiti\u00e8res. Gr\u00e2ce \u00e0 sa capacit\u00e9 \u00e0 r\u00e9sister aux maladies courantes, le Prunier Sungold garantit un rendement stable et satisfaisant<\/p>\n<p><strong>\u0627\u0644\u0642\u062f\u0631\u0629 \u0639\u0644\u0649 \u0627\u0644\u062a\u0643\u064a\u0641 \u0648\u062c\u0648\u062f\u0629 \u0627\u0644\u0641\u0627\u0643\u0647\u0629<\/strong><\/p>\n<p>La culture du Prunier Sungold en Tunisie est marqu\u00e9e par son adaptabilit\u00e9 aux conditions locales et son rendement fiable. Les fruits dor\u00e9s et sucr\u00e9s de cette vari\u00e9t\u00e9, appr\u00e9ci\u00e9s pour leur saveur d\u00e9licieuse, contribuent \u00e0 la prosp\u00e9rit\u00e9 de l&rsquo;agriculture fruiti\u00e8re dans la r\u00e9gion.<\/p>","protected":false},"featured_media":2647,"template":"","meta":{"_acf_changed":false},"product_brand":[],"product_cat":[52],"product_tag":[24,35,25,26,27],"class_list":{"0":"post-1002","1":"product","2":"type-product","3":"status-publish","4":"has-post-thumbnail","6":"product_cat-plants-de-pruniers","7":"product_tag-equipment","8":"product_tag-etranger","9":"product_tag-garden","10":"product_tag-plants","11":"product_tag-tools","13":"first","14":"instock","15":"shipping-taxable","16":"purchasable","17":"product-type-simple"},"acf":[],"yoast_head":"<!-- This site is optimized with the Yoast SEO plugin v25.5 - https:\/\/yoast.com\/wordpress\/plugins\/seo\/ -->\n<title>Sun Gold - P\u00c9PINIERE NOUR DU CENTRE<\/title>\n<meta name=\"robots\" content=\"index, follow, max-snippet:-1, max-image-preview:large, max-video-preview:-1\" \/>\n<link rel=\"canonical\" href=\"http:\/\/pepiniere-nour.com\/ar\/product\/sun-gold\/\" \/>\n<meta property=\"og:locale\" content=\"ar_AR\" \/>\n<meta property=\"og:type\" content=\"article\" \/>\n<meta property=\"og:title\" content=\"Sun Gold - P\u00c9PINIERE NOUR DU CENTRE\" \/>\n<meta property=\"og:description\" content=\"Cultiver le Prunier Sungold en Tunisie  La culture du Prunier Sungold en Tunisie b\u00e9n\u00e9ficie de son excellente adaptabilit\u00e9 aux conditions climatiques locales. Cette vari\u00e9t\u00e9 s&#039;\u00e9panouit dans le climat m\u00e9diterran\u00e9en de la r\u00e9gion, offrant ainsi aux cultivateurs une option fiable pour diversifier leurs cultures fruiti\u00e8res. Gr\u00e2ce \u00e0 sa capacit\u00e9 \u00e0 r\u00e9sister aux maladies courantes, le Prunier Sungold garantit un rendement stable et satisfaisant  Adaptabilit\u00e9 et Qualit\u00e9 des Fruits  La culture du Prunier Sungold en Tunisie est marqu\u00e9e par son adaptabilit\u00e9 aux conditions locales et son rendement fiable. Les fruits dor\u00e9s et sucr\u00e9s de cette vari\u00e9t\u00e9, appr\u00e9ci\u00e9s pour leur saveur d\u00e9licieuse, contribuent \u00e0 la prosp\u00e9rit\u00e9 de l&#039;agriculture fruiti\u00e8re dans la r\u00e9gion.\" \/>\n<meta property=\"og:url\" content=\"http:\/\/pepiniere-nour.com\/ar\/product\/sun-gold\/\" \/>\n<meta property=\"og:site_name\" content=\"P\u00c9PINIERE NOUR DU CENTRE\" \/>\n<meta property=\"article:modified_time\" content=\"2024-05-21T11:08:19+00:00\" \/>\n<meta property=\"og:image\" content=\"https:\/\/pepiniere-nour.com\/wp-content\/uploads\/2024\/05\/yellow-ripe-cherry-plums-hang-on-branch-with-green-2023-11-27-05-11-13-utc-scaled.jpg\" \/>\n\t<meta property=\"og:image:width\" content=\"2560\" \/>\n\t<meta property=\"og:image:height\" content=\"1707\" \/>\n\t<meta property=\"og:image:type\" content=\"image\/jpeg\" \/>\n<meta name=\"twitter:card\" content=\"summary_large_image\" \/>\n<meta name=\"twitter:label1\" content=\"\u0648\u0642\u062a \u0627\u0644\u0642\u0631\u0627\u0621\u0629 \u0627\u0644\u0645\u064f\u0642\u062f\u0651\u0631\" \/>\n\t<meta name=\"twitter:data1\" content=\"\u062f\u0642\u064a\u0642\u0629 \u0648\u0627\u062d\u062f\u0629\" \/>\n<script type=\"application\/ld+json\" class=\"yoast-schema-graph\">{\"@context\":\"https:\/\/schema.org\",\"@graph\":[{\"@type\":\"WebPage\",\"@id\":\"https:\/\/pepiniere-nour.com\/produit\/sun-gold\",\"url\":\"https:\/\/pepiniere-nour.com\/produit\/sun-gold\",\"name\":\"Sun Gold - P\u00c9PINIERE NOUR DU CENTRE\",\"isPartOf\":{\"@id\":\"https:\/\/pepiniere-nour.com\/#website\"},\"primaryImageOfPage\":{\"@id\":\"https:\/\/pepiniere-nour.com\/produit\/sun-gold#primaryimage\"},\"image\":{\"@id\":\"https:\/\/pepiniere-nour.com\/produit\/sun-gold#primaryimage\"},\"thumbnailUrl\":\"https:\/\/pepiniere-nour.com\/wp-content\/uploads\/2024\/05\/yellow-ripe-cherry-plums-hang-on-branch-with-green-2023-11-27-05-11-13-utc-scaled.jpg\",\"datePublished\":\"2024-03-20T22:59:06+00:00\",\"dateModified\":\"2024-05-21T11:08:19+00:00\",\"breadcrumb\":{\"@id\":\"https:\/\/pepiniere-nour.com\/produit\/sun-gold#breadcrumb\"},\"inLanguage\":\"ar\",\"potentialAction\":[{\"@type\":\"ReadAction\",\"target\":[\"https:\/\/pepiniere-nour.com\/produit\/sun-gold\"]}]},{\"@type\":\"ImageObject\",\"inLanguage\":\"ar\",\"@id\":\"https:\/\/pepiniere-nour.com\/produit\/sun-gold#primaryimage\",\"url\":\"https:\/\/pepiniere-nour.com\/wp-content\/uploads\/2024\/05\/yellow-ripe-cherry-plums-hang-on-branch-with-green-2023-11-27-05-11-13-utc-scaled.jpg\",\"contentUrl\":\"https:\/\/pepiniere-nour.com\/wp-content\/uploads\/2024\/05\/yellow-ripe-cherry-plums-hang-on-branch-with-green-2023-11-27-05-11-13-utc-scaled.jpg\",\"width\":2560,\"height\":1707,\"caption\":\"Plants de pruniers Sun Gold\"},{\"@type\":\"BreadcrumbList\",\"@id\":\"https:\/\/pepiniere-nour.com\/produit\/sun-gold#breadcrumb\",\"itemListElement\":[{\"@type\":\"ListItem\",\"position\":1,\"name\":\"Accueil\",\"item\":\"https:\/\/pepiniere-nour.com\/\"},{\"@type\":\"ListItem\",\"position\":2,\"name\":\"Boutique\",\"item\":\"https:\/\/pepiniere-nour.com\/boutique\"},{\"@type\":\"ListItem\",\"position\":3,\"name\":\"Sun Gold\"}]},{\"@type\":\"WebSite\",\"@id\":\"https:\/\/pepiniere-nour.com\/#website\",\"url\":\"https:\/\/pepiniere-nour.com\/\",\"name\":\"P\u00c9PINIERE NOUR DU CENTRE\",\"description\":\"P\u00c9PINIERE NOUR DU CENTRE\",\"publisher\":{\"@id\":\"https:\/\/pepiniere-nour.com\/#organization\"},\"potentialAction\":[{\"@type\":\"SearchAction\",\"target\":{\"@type\":\"EntryPoint\",\"urlTemplate\":\"https:\/\/pepiniere-nour.com\/?s={search_term_string}\"},\"query-input\":{\"@type\":\"PropertyValueSpecification\",\"valueRequired\":true,\"valueName\":\"search_term_string\"}}],\"inLanguage\":\"ar\"},{\"@type\":\"Organization\",\"@id\":\"https:\/\/pepiniere-nour.com\/#organization\",\"name\":\"P\u00c9PINIERE NOUR DU CENTRE\",\"url\":\"https:\/\/pepiniere-nour.com\/\",\"logo\":{\"@type\":\"ImageObject\",\"inLanguage\":\"ar\",\"@id\":\"https:\/\/pepiniere-nour.com\/#\/schema\/logo\/image\/\",\"url\":\"https:\/\/pepiniere-nour.com\/wp-content\/uploads\/2024\/03\/Remove-bg.ai_1709804773648.png\",\"contentUrl\":\"https:\/\/pepiniere-nour.com\/wp-content\/uploads\/2024\/03\/Remove-bg.ai_1709804773648.png\",\"width\":1199,\"height\":1199,\"caption\":\"P\u00c9PINIERE NOUR DU CENTRE\"},\"image\":{\"@id\":\"https:\/\/pepiniere-nour.com\/#\/schema\/logo\/image\/\"}}]}<\/script>\n<!-- \/ Yoast SEO plugin. -->","yoast_head_json":{"title":"Sun Gold - P\u00c9PINIERE NOUR DU CENTRE","robots":{"index":"index","follow":"follow","max-snippet":"max-snippet:-1","max-image-preview":"max-image-preview:large","max-video-preview":"max-video-preview:-1"},"canonical":"http:\/\/pepiniere-nour.com\/ar\/product\/sun-gold\/","og_locale":"ar_AR","og_type":"article","og_title":"Sun Gold - P\u00c9PINIERE NOUR DU CENTRE","og_description":"Cultiver le Prunier Sungold en Tunisie  La culture du Prunier Sungold en Tunisie b\u00e9n\u00e9ficie de son excellente adaptabilit\u00e9 aux conditions climatiques locales. Cette vari\u00e9t\u00e9 s'\u00e9panouit dans le climat m\u00e9diterran\u00e9en de la r\u00e9gion, offrant ainsi aux cultivateurs une option fiable pour diversifier leurs cultures fruiti\u00e8res. Gr\u00e2ce \u00e0 sa capacit\u00e9 \u00e0 r\u00e9sister aux maladies courantes, le Prunier Sungold garantit un rendement stable et satisfaisant  Adaptabilit\u00e9 et Qualit\u00e9 des Fruits  La culture du Prunier Sungold en Tunisie est marqu\u00e9e par son adaptabilit\u00e9 aux conditions locales et son rendement fiable. Les fruits dor\u00e9s et sucr\u00e9s de cette vari\u00e9t\u00e9, appr\u00e9ci\u00e9s pour leur saveur d\u00e9licieuse, contribuent \u00e0 la prosp\u00e9rit\u00e9 de l'agriculture fruiti\u00e8re dans la r\u00e9gion.","og_url":"http:\/\/pepiniere-nour.com\/ar\/product\/sun-gold\/","og_site_name":"P\u00c9PINIERE NOUR DU CENTRE","article_modified_time":"2024-05-21T11:08:19+00:00","og_image":[{"width":2560,"height":1707,"url":"https:\/\/pepiniere-nour.com\/wp-content\/uploads\/2024\/05\/yellow-ripe-cherry-plums-hang-on-branch-with-green-2023-11-27-05-11-13-utc-scaled.jpg","type":"image\/jpeg"}],"twitter_card":"summary_large_image","twitter_misc":{"\u0648\u0642\u062a \u0627\u0644\u0642\u0631\u0627\u0621\u0629 \u0627\u0644\u0645\u064f\u0642\u062f\u0651\u0631":"\u062f\u0642\u064a\u0642\u0629 \u0648\u0627\u062d\u062f\u0629"},"schema":{"@context":"https:\/\/schema.org","@graph":[{"@type":"WebPage","@id":"https:\/\/pepiniere-nour.com\/produit\/sun-gold","url":"https:\/\/pepiniere-nour.com\/produit\/sun-gold","name":"Sun Gold - P\u00c9PINIERE NOUR DU CENTRE","isPartOf":{"@id":"https:\/\/pepiniere-nour.com\/#website"},"primaryImageOfPage":{"@id":"https:\/\/pepiniere-nour.com\/produit\/sun-gold#primaryimage"},"image":{"@id":"https:\/\/pepiniere-nour.com\/produit\/sun-gold#primaryimage"},"thumbnailUrl":"https:\/\/pepiniere-nour.com\/wp-content\/uploads\/2024\/05\/yellow-ripe-cherry-plums-hang-on-branch-with-green-2023-11-27-05-11-13-utc-scaled.jpg","datePublished":"2024-03-20T22:59:06+00:00","dateModified":"2024-05-21T11:08:19+00:00","breadcrumb":{"@id":"https:\/\/pepiniere-nour.com\/produit\/sun-gold#breadcrumb"},"inLanguage":"ar","potentialAction":[{"@type":"ReadAction","target":["https:\/\/pepiniere-nour.com\/produit\/sun-gold"]}]},{"@type":"ImageObject","inLanguage":"ar","@id":"https:\/\/pepiniere-nour.com\/produit\/sun-gold#primaryimage","url":"https:\/\/pepiniere-nour.com\/wp-content\/uploads\/2024\/05\/yellow-ripe-cherry-plums-hang-on-branch-with-green-2023-11-27-05-11-13-utc-scaled.jpg","contentUrl":"https:\/\/pepiniere-nour.com\/wp-content\/uploads\/2024\/05\/yellow-ripe-cherry-plums-hang-on-branch-with-green-2023-11-27-05-11-13-utc-scaled.jpg","width":2560,"height":1707,"caption":"Plants de pruniers Sun Gold"},{"@type":"BreadcrumbList","@id":"https:\/\/pepiniere-nour.com\/produit\/sun-gold#breadcrumb","itemListElement":[{"@type":"ListItem","position":1,"name":"Accueil","item":"https:\/\/pepiniere-nour.com\/"},{"@type":"ListItem","position":2,"name":"Boutique","item":"https:\/\/pepiniere-nour.com\/boutique"},{"@type":"ListItem","position":3,"name":"Sun Gold"}]},{"@type":"WebSite","@id":"https:\/\/pepiniere-nour.com\/#website","url":"https:\/\/pepiniere-nour.com\/","name":"P\u00c9PINIERE NOUR DU CENTRE","description":"P\u00c9PINIERE NOUR DU CENTRE","publisher":{"@id":"https:\/\/pepiniere-nour.com\/#organization"},"potentialAction":[{"@type":"SearchAction","target":{"@type":"EntryPoint","urlTemplate":"https:\/\/pepiniere-nour.com\/?s={search_term_string}"},"query-input":{"@type":"PropertyValueSpecification","valueRequired":true,"valueName":"search_term_string"}}],"inLanguage":"ar"},{"@type":"Organization","@id":"https:\/\/pepiniere-nour.com\/#organization","name":"P\u00c9PINIERE NOUR DU CENTRE","url":"https:\/\/pepiniere-nour.com\/","logo":{"@type":"ImageObject","inLanguage":"ar","@id":"https:\/\/pepiniere-nour.com\/#\/schema\/logo\/image\/","url":"https:\/\/pepiniere-nour.com\/wp-content\/uploads\/2024\/03\/Remove-bg.ai_1709804773648.png","contentUrl":"https:\/\/pepiniere-nour.com\/wp-content\/uploads\/2024\/03\/Remove-bg.ai_1709804773648.png","width":1199,"height":1199,"caption":"P\u00c9PINIERE NOUR DU CENTRE"},"image":{"@id":"https:\/\/pepiniere-nour.com\/#\/schema\/logo\/image\/"}}]}},"_links":{"self":[{"href":"http:\/\/pepiniere-nour.com\/ar\/wp-json\/wp\/v2\/product\/1002","targetHints":{"allow":["GET"]}}],"collection":[{"href":"http:\/\/pepiniere-nour.com\/ar\/wp-json\/wp\/v2\/product"}],"about":[{"href":"http:\/\/pepiniere-nour.com\/ar\/wp-json\/wp\/v2\/types\/product"}],"wp:featuredmedia":[{"embeddable":true,"href":"http:\/\/pepiniere-nour.com\/ar\/wp-json\/wp\/v2\/media\/2647"}],"wp:attachment":[{"href":"http:\/\/pepiniere-nour.com\/ar\/wp-json\/wp\/v2\/media?parent=1002"}],"wp:term":[{"taxonomy":"product_brand","embeddable":true,"href":"http:\/\/pepiniere-nour.com\/ar\/wp-json\/wp\/v2\/product_brand?post=1002"},{"taxonomy":"product_cat","embeddable":true,"href":"http:\/\/pepiniere-nour.com\/ar\/wp-json\/wp\/v2\/product_cat?post=1002"},{"taxonomy":"product_tag","embeddable":true,"href":"http:\/\/pepiniere-nour.com\/ar\/wp-json\/wp\/v2\/product_tag?post=1002"}],"curies":[{"name":"wp","href":"https:\/\/api.w.org\/{rel}","templated":true}]}}